{"id":5459,"date":"2021-12-16T08:33:40","date_gmt":"2021-12-16T08:33:40","guid":{"rendered":"https:\/\/colegiosguadalupanosplancartinos.org\/preescolar\/?page_id=5459"},"modified":"2022-09-30T21:28:55","modified_gmt":"2022-09-30T21:28:55","slug":"segundo-lenguajeycomunicacion-insumos","status":"publish","type":"page","link":"https:\/\/colegiosguadalupanosplancartinos.org\/preescolar\/segundo-lenguajeycomunicacion-insumos\/","title":{"rendered":"SEGUNDO-LENGUAJE Y COM-INSUMOS GENERALES"},"content":{"rendered":"\t\t<div data-elementor-type=\"wp-page\" data-elementor-id=\"5459\" class=\"elementor elementor-5459\">\n\t\t\t\t\t\t<div class=\"elementor-inner\">\n\t\t\t\t<div class=\"elementor-section-wrap\">\n\t\t\t\t\t\t\t\t\t<section class=\"elementor-section elementor-top-section elementor-element elementor-element-2d17b22 elementor-section-full_width elementor-section-height-default elementor-section-height-default exad-glass-effect-no exad-sticky-section-no\" data-id=\"2d17b22\" data-element_type=\"section\" data-settings=\"{&quot;background_background&quot;:&quot;classic&quot;}\">\n\t\t\t\t\t\t<div class=\"elementor-container elementor-column-gap-no\">\n\t\t\t\t\t\t\t<div class=\"elementor-row\">\n\t\t\t\t\t<div class=\"aux-parallax-section elementor-column elementor-col-50 elementor-top-column elementor-element elementor-element-c8e4697 exad-glass-effect-no exad-sticky-section-no\" data-id=\"c8e4697\" data-element_type=\"column\">\n\t\t\t<div class=\"elementor-column-wrap elementor-element-populated\">\n\t\t\t\t\t\t\t<div class=\"elementor-widget-wrap\">\n\t\t\t\t\t\t<div class=\"elementor-element elementor-element-82fca73 exad-sticky-section-no exad-glass-effect-no elementor-widget elementor-widget-image\" data-id=\"82fca73\" data-element_type=\"widget\" data-widget_type=\"image.default\">\n\t\t\t\t<div class=\"elementor-widget-container\">\n\t\t\t<style>\/*! elementor - v3.16.0 - 20-09-2023 *\/\n.elementor-widget-image{text-align:center}.elementor-widget-image a{display:inline-block}.elementor-widget-image a img[src$=\".svg\"]{width:48px}.elementor-widget-image img{vertical-align:middle;display:inline-block}<\/style>\t\t\t\t\t<div class=\"elementor-image\">\n\t\t\t\t\t\t\t\t\t\t\t\t<img decoding=\"async\" loading=\"lazy\" width=\"325\" height=\"325\" src=\"https:\/\/colegiosguadalupanosplancartinos.org\/preescolar\/wp-content\/uploads\/2021\/11\/lyc.png\" class=\"attachment-large size-large wp-image-4338\" alt=\"\" srcset=\"https:\/\/colegiosguadalupanosplancartinos.org\/preescolar\/wp-content\/uploads\/2021\/11\/lyc.png 325w, https:\/\/colegiosguadalupanosplancartinos.org\/preescolar\/wp-content\/uploads\/2021\/11\/lyc-300x300.png 300w, https:\/\/colegiosguadalupanosplancartinos.org\/preescolar\/wp-content\/uploads\/2021\/11\/lyc-150x150.png 150w\" sizes=\"(max-width: 325px) 100vw, 325px\" \/>\t\t\t\t\t\t\t\t\t\t\t\t\t\t<\/div>\n\t\t\t\t\t\t<\/div>\n\t\t\t\t<\/div>\n\t\t\t\t\t\t<\/div>\n\t\t\t\t\t<\/div>\n\t\t<\/div>\n\t\t\t\t<div class=\"aux-parallax-section elementor-column elementor-col-50 elementor-top-column elementor-element elementor-element-871c7a5 exad-glass-effect-no exad-sticky-section-no\" data-id=\"871c7a5\" data-element_type=\"column\">\n\t\t\t<div class=\"elementor-column-wrap elementor-element-populated\">\n\t\t\t\t\t\t\t<div class=\"elementor-widget-wrap\">\n\t\t\t\t\t\t<div class=\"elementor-element elementor-element-859ddec exad-sticky-section-no exad-glass-effect-no elementor-widget elementor-widget-heading\" data-id=\"859ddec\" data-element_type=\"widget\" data-widget_type=\"heading.default\">\n\t\t\t\t<div class=\"elementor-widget-container\">\n\t\t\t<style>\/*! elementor - v3.16.0 - 20-09-2023 *\/\n.elementor-heading-title{padding:0;margin:0;line-height:1}.elementor-widget-heading .elementor-heading-title[class*=elementor-size-]>a{color:inherit;font-size:inherit;line-height:inherit}.elementor-widget-heading .elementor-heading-title.elementor-size-small{font-size:15px}.elementor-widget-heading .elementor-heading-title.elementor-size-medium{font-size:19px}.elementor-widget-heading .elementor-heading-title.elementor-size-large{font-size:29px}.elementor-widget-heading .elementor-heading-title.elementor-size-xl{font-size:39px}.elementor-widget-heading .elementor-heading-title.elementor-size-xxl{font-size:59px}<\/style><h1 class=\"elementor-heading-title elementor-size-default\">SEGUNDO<\/h1>\t\t<\/div>\n\t\t\t\t<\/div>\n\t\t\t\t<div class=\"elementor-element elementor-element-47d5308 exad-sticky-section-no exad-glass-effect-no elementor-widget elementor-widget-heading\" data-id=\"47d5308\" data-element_type=\"widget\" data-widget_type=\"heading.default\">\n\t\t\t\t<div class=\"elementor-widget-container\">\n\t\t\t<h1 class=\"elementor-heading-title elementor-size-default\">LENGUAJE Y COMUNICACI\u00d3N<\/h1>\t\t<\/div>\n\t\t\t\t<\/div>\n\t\t\t\t<div class=\"elementor-element elementor-element-fae2229 exad-sticky-section-no exad-glass-effect-no elementor-widget elementor-widget-heading\" data-id=\"fae2229\" data-element_type=\"widget\" data-widget_type=\"heading.default\">\n\t\t\t\t<div class=\"elementor-widget-container\">\n\t\t\t<h1 class=\"elementor-heading-title elementor-size-default\">INSUMOS GENERALES<\/h1>\t\t<\/div>\n\t\t\t\t<\/div>\n\t\t\t\t\t\t<\/div>\n\t\t\t\t\t<\/div>\n\t\t<\/div>\n\t\t\t\t\t\t\t\t<\/div>\n\t\t\t\t\t<\/div>\n\t\t<\/section>\n\t\t\t\t<section class=\"elementor-section elementor-top-section elementor-element elementor-element-3abb93c elementor-section-boxed elementor-section-height-default elementor-section-height-default exad-glass-effect-no exad-sticky-section-no\" data-id=\"3abb93c\" data-element_type=\"section\">\n\t\t\t\t\t\t<div class=\"elementor-container elementor-column-gap-default\">\n\t\t\t\t\t\t\t<div class=\"elementor-row\">\n\t\t\t\t\t<div class=\"aux-parallax-section elementor-column elementor-col-100 elementor-top-column elementor-element elementor-element-ea59f31 exad-glass-effect-no exad-sticky-section-no\" data-id=\"ea59f31\" data-element_type=\"column\">\n\t\t\t<div class=\"elementor-column-wrap elementor-element-populated\">\n\t\t\t\t\t\t\t<div class=\"elementor-widget-wrap\">\n\t\t\t\t\t\t<div class=\"exad-link-anything-wrapper elementor-element elementor-element-0e21475 exad-sticky-section-no exad-glass-effect-no elementor-widget elementor-widget-text-editor\" data-exad-element-link=\"{&quot;url&quot;:&quot;http:\\\/\\\/colegiosguadalupanosplancartinos.org\\\/preescolar\\\/wp-content\\\/uploads\\\/2021\\\/12\\\/Lecto-escritura-2.pdf&quot;,&quot;is_external&quot;:&quot;on&quot;,&quot;nofollow&quot;:&quot;on&quot;,&quot;custom_attributes&quot;:&quot;&quot;}\" style=\"cursor: pointer\" data-id=\"0e21475\" data-element_type=\"widget\" data-widget_type=\"text-editor.default\">\n\t\t\t\t<div class=\"elementor-widget-container\">\n\t\t\t<style>\/*! elementor - v3.16.0 - 20-09-2023 *\/\n.elementor-widget-text-editor.elementor-drop-cap-view-stacked .elementor-drop-cap{background-color:#69727d;color:#fff}.elementor-widget-text-editor.elementor-drop-cap-view-framed .elementor-drop-cap{color:#69727d;border:3px solid;background-color:transparent}.elementor-widget-text-editor:not(.elementor-drop-cap-view-default) .elementor-drop-cap{margin-top:8px}.elementor-widget-text-editor:not(.elementor-drop-cap-view-default) .elementor-drop-cap-letter{width:1em;height:1em}.elementor-widget-text-editor .elementor-drop-cap{float:left;text-align:center;line-height:1;font-size:50px}.elementor-widget-text-editor .elementor-drop-cap-letter{display:inline-block}<\/style>\t\t\t\t\t<div class=\"elementor-text-editor elementor-clearfix\">\n\t\t\t\t<p>LECTO ESCRITURA 2.PDF<\/p><p>M\u00c9TODO MINJARES<\/p><p><a href=\"http:\/\/colegiosguadalupanosplancartinos.org\/preescolar\/wp-content\/uploads\/2022\/09\/METODO-MINJARES-PRIMER-SEMESTRE.pptx\">RECURSO DE PRESENTACI\u00d3N<\/a>\u00a0<\/p>\t\t\t\t\t<\/div>\n\t\t\t\t\t\t<\/div>\n\t\t\t\t<\/div>\n\t\t\t\t<div class=\"elementor-element elementor-element-89fd0cb exad-sticky-section-no exad-glass-effect-no elementor-widget elementor-widget-video\" data-id=\"89fd0cb\" data-element_type=\"widget\" data-settings=\"{&quot;video_type&quot;:&quot;hosted&quot;,&quot;controls&quot;:&quot;yes&quot;}\" data-widget_type=\"video.default\">\n\t\t\t\t<div class=\"elementor-widget-container\">\n\t\t\t<style>\/*! elementor - v3.16.0 - 20-09-2023 *\/\n.elementor-widget-video .elementor-widget-container{overflow:hidden;transform:translateZ(0)}.elementor-widget-video .elementor-wrapper{aspect-ratio:var(--video-aspect-ratio)}.elementor-widget-video .elementor-wrapper iframe,.elementor-widget-video .elementor-wrapper video{height:100%;width:100%;display:flex;border:none;background-color:#000}@supports not (aspect-ratio:1\/1){.elementor-widget-video .elementor-wrapper{position:relative;overflow:hidden;height:0;padding-bottom:calc(100% \/ var(--video-aspect-ratio))}.elementor-widget-video .elementor-wrapper iframe,.elementor-widget-video .elementor-wrapper video{position:absolute;top:0;right:0;bottom:0;left:0}}.elementor-widget-video .elementor-open-inline .elementor-custom-embed-image-overlay{position:absolute;top:0;right:0;bottom:0;left:0;background-size:cover;background-position:50%}.elementor-widget-video .elementor-custom-embed-image-overlay{cursor:pointer;text-align:center}.elementor-widget-video .elementor-custom-embed-image-overlay:hover .elementor-custom-embed-play i{opacity:1}.elementor-widget-video .elementor-custom-embed-image-overlay img{display:block;width:100%;aspect-ratio:var(--video-aspect-ratio);-o-object-fit:cover;object-fit:cover;-o-object-position:center center;object-position:center center}@supports not (aspect-ratio:1\/1){.elementor-widget-video .elementor-custom-embed-image-overlay{position:relative;overflow:hidden;height:0;padding-bottom:calc(100% \/ var(--video-aspect-ratio))}.elementor-widget-video .elementor-custom-embed-image-overlay img{position:absolute;top:0;right:0;bottom:0;left:0}}.elementor-widget-video .e-hosted-video .elementor-video{-o-object-fit:cover;object-fit:cover}.e-con-inner>.elementor-widget-video,.e-con>.elementor-widget-video{width:var(--container-widget-width);--flex-grow:var(--container-widget-flex-grow)}<\/style>\t\t<div class=\"e-hosted-video elementor-wrapper elementor-open-inline\">\n\t\t\t\t\t<video class=\"elementor-video\" src=\"http:\/\/colegiosguadalupanosplancartinos.org\/preescolar\/wp-content\/uploads\/2022\/09\/video1193816603.mp4\" controls=\"\" preload=\"metadata\" controlsList=\"nodownload\"><\/video>\n\t\t\t\t<\/div>\n\t\t\t\t<\/div>\n\t\t\t\t<\/div>\n\t\t\t\t\t\t<\/div>\n\t\t\t\t\t<\/div>\n\t\t<\/div>\n\t\t\t\t\t\t\t\t<\/div>\n\t\t\t\t\t<\/div>\n\t\t<\/section>\n\t\t\t\t\t\t\t\t\t<\/div>\n\t\t\t<\/div>\n\t\t\t\t\t<\/div>\n\t\t","protected":false},"excerpt":{"rendered":"<p>SEGUNDO LENGUAJE Y COMUNICACI\u00d3N INSUMOS GENERALES LECTO ESCRITURA 2.PDF M\u00c9TODO MINJARES RECURSO DE PRESENTACI\u00d3N\u00a0 http:\/\/colegiosguadalupanosplancartinos.org\/preescolar\/wp-content\/uploads\/2022\/09\/video1193816603.mp4<\/p>\n","protected":false},"author":1,"featured_media":0,"parent":0,"menu_order":0,"comment_status":"closed","ping_status":"closed","template":"","meta":{"footnotes":""},"_links":{"self":[{"href":"https:\/\/colegiosguadalupanosplancartinos.org\/preescolar\/wp-json\/wp\/v2\/pages\/5459"}],"collection":[{"href":"https:\/\/colegiosguadalupanosplancartinos.org\/preescolar\/wp-json\/wp\/v2\/pages"}],"about":[{"href":"https:\/\/colegiosguadalupanosplancartinos.org\/preescolar\/wp-json\/wp\/v2\/types\/page"}],"author":[{"embeddable":true,"href":"https:\/\/colegiosguadalupanosplancartinos.org\/preescolar\/wp-json\/wp\/v2\/users\/1"}],"replies":[{"embeddable":true,"href":"https:\/\/colegiosguadalupanosplancartinos.org\/preescolar\/wp-json\/wp\/v2\/comments?post=5459"}],"version-history":[{"count":3,"href":"https:\/\/colegiosguadalupanosplancartinos.org\/preescolar\/wp-json\/wp\/v2\/pages\/5459\/revisions"}],"predecessor-version":[{"id":7518,"href":"https:\/\/colegiosguadalupanosplancartinos.org\/preescolar\/wp-json\/wp\/v2\/pages\/5459\/revisions\/7518"}],"wp:attachment":[{"href":"https:\/\/colegiosguadalupanosplancartinos.org\/preescolar\/wp-json\/wp\/v2\/media?parent=5459"}],"curies":[{"name":"wp","href":"https:\/\/api.w.org\/{rel}","templated":true}]}}