{"id":5384,"date":"2021-12-15T22:01:04","date_gmt":"2021-12-15T22:01:04","guid":{"rendered":"https:\/\/colegiosguadalupanosplancartinos.org\/preescolar\/?page_id=5384"},"modified":"2022-09-20T03:09:18","modified_gmt":"2022-09-20T03:09:18","slug":"tercero-eduacafe-ene","status":"publish","type":"page","link":"https:\/\/colegiosguadalupanosplancartinos.org\/preescolar\/tercero-eduacafe-ene\/","title":{"rendered":"TERCERO-EDUCA_FE-ENE"},"content":{"rendered":"\t\t<div data-elementor-type=\"wp-page\" data-elementor-id=\"5384\" class=\"elementor elementor-5384\">\n\t\t\t\t\t\t<div class=\"elementor-inner\">\n\t\t\t\t<div class=\"elementor-section-wrap\">\n\t\t\t\t\t\t\t\t\t<section class=\"elementor-section elementor-top-section elementor-element elementor-element-ed7b704 elementor-section-full_width elementor-section-height-default elementor-section-height-default exad-glass-effect-no exad-sticky-section-no\" data-id=\"ed7b704\" data-element_type=\"section\" data-settings=\"{&quot;background_background&quot;:&quot;classic&quot;}\">\n\t\t\t\t\t\t<div class=\"elementor-container elementor-column-gap-no\">\n\t\t\t\t\t\t\t<div class=\"elementor-row\">\n\t\t\t\t\t<div class=\"aux-parallax-section elementor-column elementor-col-50 elementor-top-column elementor-element elementor-element-14cd0c0 exad-glass-effect-no exad-sticky-section-no\" data-id=\"14cd0c0\" data-element_type=\"column\">\n\t\t\t<div class=\"elementor-column-wrap elementor-element-populated\">\n\t\t\t\t\t\t\t<div class=\"elementor-widget-wrap\">\n\t\t\t\t\t\t<div class=\"elementor-element elementor-element-ca7aad9 exad-sticky-section-no exad-glass-effect-no elementor-widget elementor-widget-image\" data-id=\"ca7aad9\" data-element_type=\"widget\" data-widget_type=\"image.default\">\n\t\t\t\t<div class=\"elementor-widget-container\">\n\t\t\t<style>\/*! elementor - v3.16.0 - 20-09-2023 *\/\n.elementor-widget-image{text-align:center}.elementor-widget-image a{display:inline-block}.elementor-widget-image a img[src$=\".svg\"]{width:48px}.elementor-widget-image img{vertical-align:middle;display:inline-block}<\/style>\t\t\t\t\t<div class=\"elementor-image\">\n\t\t\t\t\t\t\t\t\t\t\t\t<img decoding=\"async\" loading=\"lazy\" width=\"325\" height=\"325\" src=\"https:\/\/colegiosguadalupanosplancartinos.org\/preescolar\/wp-content\/uploads\/2021\/11\/educafe.png\" class=\"attachment-large size-large wp-image-4340\" alt=\"\" srcset=\"https:\/\/colegiosguadalupanosplancartinos.org\/preescolar\/wp-content\/uploads\/2021\/11\/educafe.png 325w, https:\/\/colegiosguadalupanosplancartinos.org\/preescolar\/wp-content\/uploads\/2021\/11\/educafe-300x300.png 300w, https:\/\/colegiosguadalupanosplancartinos.org\/preescolar\/wp-content\/uploads\/2021\/11\/educafe-150x150.png 150w\" sizes=\"(max-width: 325px) 100vw, 325px\" \/>\t\t\t\t\t\t\t\t\t\t\t\t\t\t<\/div>\n\t\t\t\t\t\t<\/div>\n\t\t\t\t<\/div>\n\t\t\t\t\t\t<\/div>\n\t\t\t\t\t<\/div>\n\t\t<\/div>\n\t\t\t\t<div class=\"aux-parallax-section elementor-column elementor-col-50 elementor-top-column elementor-element elementor-element-d628b74 exad-glass-effect-no exad-sticky-section-no\" data-id=\"d628b74\" data-element_type=\"column\">\n\t\t\t<div class=\"elementor-column-wrap elementor-element-populated\">\n\t\t\t\t\t\t\t<div class=\"elementor-widget-wrap\">\n\t\t\t\t\t\t<div class=\"elementor-element elementor-element-1fee824 exad-sticky-section-no exad-glass-effect-no elementor-widget elementor-widget-heading\" data-id=\"1fee824\" data-element_type=\"widget\" data-widget_type=\"heading.default\">\n\t\t\t\t<div class=\"elementor-widget-container\">\n\t\t\t<style>\/*! elementor - v3.16.0 - 20-09-2023 *\/\n.elementor-heading-title{padding:0;margin:0;line-height:1}.elementor-widget-heading .elementor-heading-title[class*=elementor-size-]>a{color:inherit;font-size:inherit;line-height:inherit}.elementor-widget-heading .elementor-heading-title.elementor-size-small{font-size:15px}.elementor-widget-heading .elementor-heading-title.elementor-size-medium{font-size:19px}.elementor-widget-heading .elementor-heading-title.elementor-size-large{font-size:29px}.elementor-widget-heading .elementor-heading-title.elementor-size-xl{font-size:39px}.elementor-widget-heading .elementor-heading-title.elementor-size-xxl{font-size:59px}<\/style><h1 class=\"elementor-heading-title elementor-size-default\">TERCERO<\/h1>\t\t<\/div>\n\t\t\t\t<\/div>\n\t\t\t\t<div class=\"elementor-element elementor-element-2556ba9 exad-sticky-section-no exad-glass-effect-no elementor-widget elementor-widget-heading\" data-id=\"2556ba9\" data-element_type=\"widget\" data-widget_type=\"heading.default\">\n\t\t\t\t<div class=\"elementor-widget-container\">\n\t\t\t<h1 class=\"elementor-heading-title elementor-size-default\">EDUCACI\u00d3N EN LA FE<\/h1>\t\t<\/div>\n\t\t\t\t<\/div>\n\t\t\t\t<div class=\"elementor-element elementor-element-a961a67 exad-sticky-section-no exad-glass-effect-no elementor-widget elementor-widget-heading\" data-id=\"a961a67\" data-element_type=\"widget\" data-widget_type=\"heading.default\">\n\t\t\t\t<div class=\"elementor-widget-container\">\n\t\t\t<h1 class=\"elementor-heading-title elementor-size-default\">ENERO<\/h1>\t\t<\/div>\n\t\t\t\t<\/div>\n\t\t\t\t\t\t<\/div>\n\t\t\t\t\t<\/div>\n\t\t<\/div>\n\t\t\t\t\t\t\t\t<\/div>\n\t\t\t\t\t<\/div>\n\t\t<\/section>\n\t\t\t\t<section class=\"elementor-section elementor-top-section elementor-element elementor-element-1dfc2cce elementor-section-full_width elementor-reverse-mobile elementor-section-height-default elementor-section-height-default exad-glass-effect-no exad-sticky-section-no\" data-id=\"1dfc2cce\" data-element_type=\"section\" data-settings=\"{&quot;background_background&quot;:&quot;classic&quot;}\">\n\t\t\t\t\t\t<div class=\"elementor-container elementor-column-gap-no\">\n\t\t\t\t\t\t\t<div class=\"elementor-row\">\n\t\t\t\t\t<div class=\"aux-parallax-section elementor-column elementor-col-50 elementor-top-column elementor-element elementor-element-657a79a6 exad-glass-effect-yes aux-appear-watch-animation aux-slide-from-left\" data-id=\"657a79a6\" data-element_type=\"column\" data-settings=\"{&quot;background_background&quot;:&quot;classic&quot;}\">\n\t\t\t<div class=\"elementor-column-wrap elementor-element-populated\">\n\t\t\t\t\t\t\t<div class=\"elementor-widget-wrap\">\n\t\t\t\t\t\t<div class=\"elementor-element elementor-element-5aa64ce7 exad-glass-effect-yes exad-sticky-section-no elementor-widget elementor-widget-heading\" data-id=\"5aa64ce7\" data-element_type=\"widget\" data-widget_type=\"heading.default\">\n\t\t\t\t<div class=\"elementor-widget-container\">\n\t\t\t<h4 class=\"elementor-heading-title elementor-size-default\"><a href=\"https:\/\/colegiosguadalupanosplancartinos.org\/preescolar\/tercero-eduacafe-sep\">SEPTIEMBRE<\/a><\/h4>\t\t<\/div>\n\t\t\t\t<\/div>\n\t\t\t\t<div class=\"elementor-element elementor-element-11cbb4c4 exad-glass-effect-yes exad-sticky-section-no elementor-widget elementor-widget-heading\" data-id=\"11cbb4c4\" data-element_type=\"widget\" data-widget_type=\"heading.default\">\n\t\t\t\t<div class=\"elementor-widget-container\">\n\t\t\t<h4 class=\"elementor-heading-title elementor-size-default\"><a href=\"https:\/\/colegiosguadalupanosplancartinos.org\/preescolar\/tercero-eduacafe-oct\/\">OCTUBRE<\/a><\/h4>\t\t<\/div>\n\t\t\t\t<\/div>\n\t\t\t\t<div class=\"elementor-element elementor-element-54758d7d exad-glass-effect-yes exad-sticky-section-no elementor-widget elementor-widget-heading\" data-id=\"54758d7d\" data-element_type=\"widget\" data-widget_type=\"heading.default\">\n\t\t\t\t<div class=\"elementor-widget-container\">\n\t\t\t<h4 class=\"elementor-heading-title elementor-size-default\"><a href=\"https:\/\/colegiosguadalupanosplancartinos.org\/preescolar\/tercero-eduacafe-nov\/\">NOVIEMBRE<\/a><\/h4>\t\t<\/div>\n\t\t\t\t<\/div>\n\t\t\t\t<div class=\"elementor-element elementor-element-231762d8 exad-glass-effect-yes exad-sticky-section-no elementor-widget elementor-widget-heading\" data-id=\"231762d8\" data-element_type=\"widget\" data-widget_type=\"heading.default\">\n\t\t\t\t<div class=\"elementor-widget-container\">\n\t\t\t<h4 class=\"elementor-heading-title elementor-size-default\"><a href=\"https:\/\/colegiosguadalupanosplancartinos.org\/preescolar\/tercero-eduacafe-dic\">DICIEMBRE<\/a><\/h4>\t\t<\/div>\n\t\t\t\t<\/div>\n\t\t\t\t<div class=\"elementor-element elementor-element-47cb636b exad-glass-effect-yes exad-sticky-section-no elementor-widget elementor-widget-heading\" data-id=\"47cb636b\" data-element_type=\"widget\" data-widget_type=\"heading.default\">\n\t\t\t\t<div class=\"elementor-widget-container\">\n\t\t\t<h4 class=\"elementor-heading-title elementor-size-default\"><a href=\"https:\/\/colegiosguadalupanosplancartinos.org\/preescolar\/tercero-eduacafe-ene\">ENERO<\/a><\/h4>\t\t<\/div>\n\t\t\t\t<\/div>\n\t\t\t\t<div class=\"elementor-element elementor-element-7d52f0b1 exad-glass-effect-yes exad-sticky-section-no elementor-widget elementor-widget-heading\" data-id=\"7d52f0b1\" data-element_type=\"widget\" data-widget_type=\"heading.default\">\n\t\t\t\t<div class=\"elementor-widget-container\">\n\t\t\t<h4 class=\"elementor-heading-title elementor-size-default\"><a href=\"https:\/\/colegiosguadalupanosplancartinos.org\/preescolar\/tercero-eduacafe-feb\">FEBRERO<\/a><\/h4>\t\t<\/div>\n\t\t\t\t<\/div>\n\t\t\t\t<div class=\"elementor-element elementor-element-2b2acc9 exad-glass-effect-yes exad-sticky-section-no elementor-widget elementor-widget-heading\" data-id=\"2b2acc9\" data-element_type=\"widget\" data-widget_type=\"heading.default\">\n\t\t\t\t<div class=\"elementor-widget-container\">\n\t\t\t<h4 class=\"elementor-heading-title elementor-size-default\"><a href=\"https:\/\/colegiosguadalupanosplancartinos.org\/preescolar\/tercero-eduacafe-mar\">MARZO<\/a><\/h4>\t\t<\/div>\n\t\t\t\t<\/div>\n\t\t\t\t<div class=\"elementor-element elementor-element-7e9106d7 exad-glass-effect-yes exad-sticky-section-no elementor-widget elementor-widget-heading\" data-id=\"7e9106d7\" data-element_type=\"widget\" data-widget_type=\"heading.default\">\n\t\t\t\t<div class=\"elementor-widget-container\">\n\t\t\t<h4 class=\"elementor-heading-title elementor-size-default\"><a href=\"https:\/\/colegiosguadalupanosplancartinos.org\/preescolar\/tercero-eduacafe-abr\">ABRIL<\/a><\/h4>\t\t<\/div>\n\t\t\t\t<\/div>\n\t\t\t\t<div class=\"elementor-element elementor-element-404cea7d exad-glass-effect-yes exad-sticky-section-no elementor-widget elementor-widget-heading\" data-id=\"404cea7d\" data-element_type=\"widget\" data-widget_type=\"heading.default\">\n\t\t\t\t<div class=\"elementor-widget-container\">\n\t\t\t<h4 class=\"elementor-heading-title elementor-size-default\"><a href=\"https:\/\/colegiosguadalupanosplancartinos.org\/preescolar\/tercero-eduacafe-may\">MAYO<\/a><\/h4>\t\t<\/div>\n\t\t\t\t<\/div>\n\t\t\t\t<div class=\"elementor-element elementor-element-10c77c1 exad-glass-effect-yes exad-sticky-section-no elementor-widget elementor-widget-heading\" data-id=\"10c77c1\" data-element_type=\"widget\" data-widget_type=\"heading.default\">\n\t\t\t\t<div class=\"elementor-widget-container\">\n\t\t\t<h4 class=\"elementor-heading-title elementor-size-default\"><a href=\"https:\/\/colegiosguadalupanosplancartinos.org\/preescolar\/tercero-eduacafe-jun\">JUNIO<\/a><\/h4>\t\t<\/div>\n\t\t\t\t<\/div>\n\t\t\t\t<div class=\"elementor-element elementor-element-13003ee6 exad-sticky-section-no exad-glass-effect-no elementor-widget elementor-widget-heading\" data-id=\"13003ee6\" data-element_type=\"widget\" data-widget_type=\"heading.default\">\n\t\t\t\t<div class=\"elementor-widget-container\">\n\t\t\t<h3 class=\"elementor-heading-title elementor-size-default\"><a href=\"https:\/\/colegiosguadalupanosplancartinos.org\/preescolar\/tercero-perfiles-egreso\/\">PERFILES DE EGRESO<\/a><\/h3>\t\t<\/div>\n\t\t\t\t<\/div>\n\t\t\t\t<div class=\"elementor-element elementor-element-2ad07546 exad-sticky-section-no exad-glass-effect-no elementor-widget elementor-widget-heading\" data-id=\"2ad07546\" data-element_type=\"widget\" data-widget_type=\"heading.default\">\n\t\t\t\t<div class=\"elementor-widget-container\">\n\t\t\t<h3 class=\"elementor-heading-title elementor-size-default\"><a href=\"https:\/\/colegiosguadalupanosplancartinos.org\/preescolar\/modelo\/\">MODELO EDUCATIVO<\/a><\/h3>\t\t<\/div>\n\t\t\t\t<\/div>\n\t\t\t\t<div class=\"elementor-element elementor-element-590c0ce8 exad-sticky-section-no exad-glass-effect-no elementor-widget elementor-widget-heading\" data-id=\"590c0ce8\" data-element_type=\"widget\" data-widget_type=\"heading.default\">\n\t\t\t\t<div class=\"elementor-widget-container\">\n\t\t\t<h3 class=\"elementor-heading-title elementor-size-default\"><a href=\"https:\/\/colegiosguadalupanosplancartinos.org\/preescolar\/tercero-cronogramas-generales\/\">CRONOGRAMA<\/a><\/h3>\t\t<\/div>\n\t\t\t\t<\/div>\n\t\t\t\t<div class=\"elementor-element elementor-element-727cc3ba exad-sticky-section-no exad-glass-effect-no elementor-widget elementor-widget-heading\" data-id=\"727cc3ba\" data-element_type=\"widget\" data-widget_type=\"heading.default\">\n\t\t\t\t<div class=\"elementor-widget-container\">\n\t\t\t<h3 class=\"elementor-heading-title elementor-size-default\"><a href=\"https:\/\/colegiosguadalupanosplancartinos.org\/preescolar\/tercero-educacionenlafe-insumos\/\">INSUMOS (RECURSOS)<\/a><\/h3>\t\t<\/div>\n\t\t\t\t<\/div>\n\t\t\t\t<div class=\"elementor-element elementor-element-5a30ac07 exad-sticky-section-no exad-glass-effect-no elementor-widget elementor-widget-heading\" data-id=\"5a30ac07\" data-element_type=\"widget\" data-widget_type=\"heading.default\">\n\t\t\t\t<div class=\"elementor-widget-container\">\n\t\t\t<h3 class=\"elementor-heading-title elementor-size-default\">EVALUACI\u00d3N<\/h3>\t\t<\/div>\n\t\t\t\t<\/div>\n\t\t\t\t<div class=\"elementor-element elementor-element-55ae381a exad-sticky-section-no exad-glass-effect-no elementor-widget elementor-widget-heading\" data-id=\"55ae381a\" data-element_type=\"widget\" data-widget_type=\"heading.default\">\n\t\t\t\t<div class=\"elementor-widget-container\">\n\t\t\t<h3 class=\"elementor-heading-title elementor-size-default\"><a href=\"https:\/\/colegiosguadalupanosplancartinos.org\/preescolar\/envio-evidencias\/\">EVIDENCIAS<\/a><\/h3>\t\t<\/div>\n\t\t\t\t<\/div>\n\t\t\t\t\t\t<\/div>\n\t\t\t\t\t<\/div>\n\t\t<\/div>\n\t\t\t\t<div class=\"aux-parallax-section elementor-column elementor-col-50 elementor-top-column elementor-element elementor-element-4e876a9b exad-glass-effect-no exad-sticky-section-no\" data-id=\"4e876a9b\" data-element_type=\"column\">\n\t\t\t<div class=\"elementor-column-wrap elementor-element-populated\">\n\t\t\t\t\t\t\t<div class=\"elementor-widget-wrap\">\n\t\t\t\t\t\t<div class=\"elementor-element elementor-element-7ae91f6a premium-blog-align-left exad-sticky-section-no exad-glass-effect-no elementor-widget elementor-widget-premium-addon-blog\" data-id=\"7ae91f6a\" data-element_type=\"widget\" data-widget_type=\"premium-addon-blog.default\">\n\t\t\t\t<div class=\"elementor-widget-container\">\n\t\t\t\r\n\t\t\t\t<div class=\"premium-blog-wrap  premium-blog-list\" data-page=\"5384\">\r\n\t\t\t\t\t<div class=\"premium-blog-post-outer-container\" data-total=\"1\">\r\n\t\t\t<div class=\"premium-blog-post-container premium-blog-skin-side\">\r\n\t\t\t\t\t\t\t\t\t<div class=\"premium-blog-thumb-effect-wrapper\">\r\n\t\t\t\t\t\t<div class=\"premium-blog-thumbnail-container premium-blog-none-effect\">\r\n\t\t\t\t\t\t\t<img decoding=\"async\" loading=\"lazy\" width=\"1280\" height=\"718\" src=\"https:\/\/colegiosguadalupanosplancartinos.org\/preescolar\/wp-content\/uploads\/2022\/09\/SEMANA-20-1.jpg\" class=\"attachment-full size-full wp-image-7384\" alt=\"\" srcset=\"https:\/\/colegiosguadalupanosplancartinos.org\/preescolar\/wp-content\/uploads\/2022\/09\/SEMANA-20-1.jpg 1280w, https:\/\/colegiosguadalupanosplancartinos.org\/preescolar\/wp-content\/uploads\/2022\/09\/SEMANA-20-1-600x337.jpg 600w, https:\/\/colegiosguadalupanosplancartinos.org\/preescolar\/wp-content\/uploads\/2022\/09\/SEMANA-20-1-1157x649.jpg 1157w\" \/>\t\t\t\t\t\t<\/div>\r\n\t\t\t\t\t\t\t\t\t\t\t\t\t<div class=\"premium-blog-thumbnail-overlay\">\r\n\t\t\t\t\t\t\t\t<a class=\"elementor-icon\" href=\"https:\/\/colegiosguadalupanosplancartinos.org\/preescolar\/ficha-23-jose-antonio-hizo-una-casa-para-dios-que-se-llama-templo-de-san-felipe-de-jesus-ficha-36-la-virgen-maria-quiere-platicar-conmigo\/\" target=\"_blank\" aria-hidden=\"true\"><span>Ficha 23 Jos\u00e9 Antonio  hizo una casa para Dios que se llama templo  de San Felipe de Jes\u00fas                                                   Ficha 36 La Virgen Mar\u00eda quiere platicar conmigo<\/span><\/a>\r\n\t\t\t\t\t\t\t<\/div>\r\n\t\t\t\t\t\t\t\t\t\t\t<\/div>\r\n\t\t\t\t\t\t\t\t\t\t\t\t<div class=\"premium-blog-content-wrapper \">\r\n\r\n\t\t\t\t\t<div class=\"premium-blog-inner-container\">\r\n\r\n\t\t\t\t\t\t\t\t\t\t\t\t\t\t<h2 class=\"premium-blog-entry-title\">\r\n\t\t\t<a href=\"https:\/\/colegiosguadalupanosplancartinos.org\/preescolar\/ficha-23-jose-antonio-hizo-una-casa-para-dios-que-se-llama-templo-de-san-felipe-de-jesus-ficha-36-la-virgen-maria-quiere-platicar-conmigo\/\" target=\"_blank\">\r\n\t\t\t\tFicha 23 Jos\u00e9 Antonio  hizo una casa para Dios que se llama templo  de San Felipe de Jes\u00fas                                                   Ficha 36 La Virgen Mar\u00eda quiere platicar conmigo\t\t\t<\/a>\r\n\t\t<\/h2>\r\n\t\t\t\t<div class=\"premium-blog-entry-meta\">\r\n\t\t\t\r\n\t\t\t\r\n\t\t\t\r\n\t\t\t\t\t<\/div>\r\n\t\t\r\n\t\t\t\t\t<\/div>\r\n\r\n\t\t\t\t\t\t\t\t\t\t\r\n\t\t\t\t<\/div>\r\n\t\t\t<\/div>\r\n\t\t<\/div>\r\n\r\n\t\t\t\t<div class=\"premium-blog-post-outer-container\" data-total=\"1\">\r\n\t\t\t<div class=\"premium-blog-post-container premium-blog-skin-side\">\r\n\t\t\t\t\t\t\t\t\t<div class=\"premium-blog-thumb-effect-wrapper\">\r\n\t\t\t\t\t\t<div class=\"premium-blog-thumbnail-container premium-blog-none-effect\">\r\n\t\t\t\t\t\t\t<img decoding=\"async\" loading=\"lazy\" width=\"1280\" height=\"718\" src=\"https:\/\/colegiosguadalupanosplancartinos.org\/preescolar\/wp-content\/uploads\/2022\/08\/SEMANA-19.jpg\" class=\"attachment-full size-full wp-image-6127\" alt=\"\" srcset=\"https:\/\/colegiosguadalupanosplancartinos.org\/preescolar\/wp-content\/uploads\/2022\/08\/SEMANA-19.jpg 1280w, https:\/\/colegiosguadalupanosplancartinos.org\/preescolar\/wp-content\/uploads\/2022\/08\/SEMANA-19-600x337.jpg 600w, https:\/\/colegiosguadalupanosplancartinos.org\/preescolar\/wp-content\/uploads\/2022\/08\/SEMANA-19-1157x649.jpg 1157w\" \/>\t\t\t\t\t\t<\/div>\r\n\t\t\t\t\t\t\t\t\t\t\t\t\t<div class=\"premium-blog-thumbnail-overlay\">\r\n\t\t\t\t\t\t\t\t<a class=\"elementor-icon\" href=\"https:\/\/colegiosguadalupanosplancartinos.org\/preescolar\/ficha-34-jesus-platica-con-papa-dios-ficha-35-jesus-me-ensena-el-padre-nuestro\/\" target=\"_blank\" aria-hidden=\"true\"><span>Ficha 34 Jes\u00fas platica con Pap\u00e1 Dios                                                             Ficha 35 Jes\u00fas me ense\u00f1a el Padre Nuestro<\/span><\/a>\r\n\t\t\t\t\t\t\t<\/div>\r\n\t\t\t\t\t\t\t\t\t\t\t<\/div>\r\n\t\t\t\t\t\t\t\t\t\t\t\t<div class=\"premium-blog-content-wrapper \">\r\n\r\n\t\t\t\t\t<div class=\"premium-blog-inner-container\">\r\n\r\n\t\t\t\t\t\t\t\t\t\t\t\t\t\t<h2 class=\"premium-blog-entry-title\">\r\n\t\t\t<a href=\"https:\/\/colegiosguadalupanosplancartinos.org\/preescolar\/ficha-34-jesus-platica-con-papa-dios-ficha-35-jesus-me-ensena-el-padre-nuestro\/\" target=\"_blank\">\r\n\t\t\t\tFicha 34 Jes\u00fas platica con Pap\u00e1 Dios                                                             Ficha 35 Jes\u00fas me ense\u00f1a el Padre Nuestro\t\t\t<\/a>\r\n\t\t<\/h2>\r\n\t\t\t\t<div class=\"premium-blog-entry-meta\">\r\n\t\t\t\r\n\t\t\t\r\n\t\t\t\r\n\t\t\t\t\t<\/div>\r\n\t\t\r\n\t\t\t\t\t<\/div>\r\n\r\n\t\t\t\t\t\t\t\t\t\t\r\n\t\t\t\t<\/div>\r\n\t\t\t<\/div>\r\n\t\t<\/div>\r\n\r\n\t\t\t\t<div class=\"premium-blog-post-outer-container\" data-total=\"1\">\r\n\t\t\t<div class=\"premium-blog-post-container premium-blog-skin-side\">\r\n\t\t\t\t\t\t\t\t\t<div class=\"premium-blog-thumb-effect-wrapper\">\r\n\t\t\t\t\t\t<div class=\"premium-blog-thumbnail-container premium-blog-none-effect\">\r\n\t\t\t\t\t\t\t<img decoding=\"async\" loading=\"lazy\" width=\"1280\" height=\"718\" src=\"https:\/\/colegiosguadalupanosplancartinos.org\/preescolar\/wp-content\/uploads\/2022\/08\/SEMANA-18.jpg\" class=\"attachment-full size-full wp-image-6125\" alt=\"\" srcset=\"https:\/\/colegiosguadalupanosplancartinos.org\/preescolar\/wp-content\/uploads\/2022\/08\/SEMANA-18.jpg 1280w, https:\/\/colegiosguadalupanosplancartinos.org\/preescolar\/wp-content\/uploads\/2022\/08\/SEMANA-18-600x337.jpg 600w, https:\/\/colegiosguadalupanosplancartinos.org\/preescolar\/wp-content\/uploads\/2022\/08\/SEMANA-18-1157x649.jpg 1157w\" \/>\t\t\t\t\t\t<\/div>\r\n\t\t\t\t\t\t\t\t\t\t\t\t\t<div class=\"premium-blog-thumbnail-overlay\">\r\n\t\t\t\t\t\t\t\t<a class=\"elementor-icon\" href=\"https:\/\/colegiosguadalupanosplancartinos.org\/preescolar\/ficha-32-jesus-es-bautizado-por-juan-ficha-33-soy-hijo-de-dios-porque-me-bautizaron\/\" target=\"_blank\" aria-hidden=\"true\"><span>Ficha 32 Jes\u00fas es bautizado por Juan                                                               Ficha 33 Soy hijo de Dios porque me bautizaron<\/span><\/a>\r\n\t\t\t\t\t\t\t<\/div>\r\n\t\t\t\t\t\t\t\t\t\t\t<\/div>\r\n\t\t\t\t\t\t\t\t\t\t\t\t<div class=\"premium-blog-content-wrapper \">\r\n\r\n\t\t\t\t\t<div class=\"premium-blog-inner-container\">\r\n\r\n\t\t\t\t\t\t\t\t\t\t\t\t\t\t<h2 class=\"premium-blog-entry-title\">\r\n\t\t\t<a href=\"https:\/\/colegiosguadalupanosplancartinos.org\/preescolar\/ficha-32-jesus-es-bautizado-por-juan-ficha-33-soy-hijo-de-dios-porque-me-bautizaron\/\" target=\"_blank\">\r\n\t\t\t\tFicha 32 Jes\u00fas es bautizado por Juan                                                               Ficha 33 Soy hijo de Dios porque me bautizaron\t\t\t<\/a>\r\n\t\t<\/h2>\r\n\t\t\t\t<div class=\"premium-blog-entry-meta\">\r\n\t\t\t\r\n\t\t\t\r\n\t\t\t\r\n\t\t\t\t\t<\/div>\r\n\t\t\r\n\t\t\t\t\t<\/div>\r\n\r\n\t\t\t\t\t\t\t\t\t\t\r\n\t\t\t\t<\/div>\r\n\t\t\t<\/div>\r\n\t\t<\/div>\r\n\r\n\t\t\t\t<div class=\"premium-blog-post-outer-container\" data-total=\"1\">\r\n\t\t\t<div class=\"premium-blog-post-container premium-blog-skin-side\">\r\n\t\t\t\t\t\t\t\t\t<div class=\"premium-blog-thumb-effect-wrapper\">\r\n\t\t\t\t\t\t<div class=\"premium-blog-thumbnail-container premium-blog-none-effect\">\r\n\t\t\t\t\t\t\t<img decoding=\"async\" loading=\"lazy\" width=\"1280\" height=\"718\" src=\"https:\/\/colegiosguadalupanosplancartinos.org\/preescolar\/wp-content\/uploads\/2022\/08\/SEMANA-17.jpg\" class=\"attachment-full size-full wp-image-6122\" alt=\"\" srcset=\"https:\/\/colegiosguadalupanosplancartinos.org\/preescolar\/wp-content\/uploads\/2022\/08\/SEMANA-17.jpg 1280w, https:\/\/colegiosguadalupanosplancartinos.org\/preescolar\/wp-content\/uploads\/2022\/08\/SEMANA-17-600x337.jpg 600w, https:\/\/colegiosguadalupanosplancartinos.org\/preescolar\/wp-content\/uploads\/2022\/08\/SEMANA-17-1157x649.jpg 1157w\" \/>\t\t\t\t\t\t<\/div>\r\n\t\t\t\t\t\t\t\t\t\t\t\t\t<div class=\"premium-blog-thumbnail-overlay\">\r\n\t\t\t\t\t\t\t\t<a class=\"elementor-icon\" href=\"https:\/\/colegiosguadalupanosplancartinos.org\/preescolar\/ficha-30-los-reyes-magos-visitan-al-nino-jesus-y-le-dan-regalos-ficha-31-jesus-fue-un-nino-como-yo-y-lo-quiero-mucho\/\" target=\"_blank\" aria-hidden=\"true\"><span>Ficha 30 Los reyes magos visitan al Ni\u00f1o Jes\u00fas y le dan regalos                                                                Ficha 31 Jes\u00fas fue un ni\u00f1o como yo y lo quiero mucho<\/span><\/a>\r\n\t\t\t\t\t\t\t<\/div>\r\n\t\t\t\t\t\t\t\t\t\t\t<\/div>\r\n\t\t\t\t\t\t\t\t\t\t\t\t<div class=\"premium-blog-content-wrapper \">\r\n\r\n\t\t\t\t\t<div class=\"premium-blog-inner-container\">\r\n\r\n\t\t\t\t\t\t\t\t\t\t\t\t\t\t<h2 class=\"premium-blog-entry-title\">\r\n\t\t\t<a href=\"https:\/\/colegiosguadalupanosplancartinos.org\/preescolar\/ficha-30-los-reyes-magos-visitan-al-nino-jesus-y-le-dan-regalos-ficha-31-jesus-fue-un-nino-como-yo-y-lo-quiero-mucho\/\" target=\"_blank\">\r\n\t\t\t\tFicha 30 Los reyes magos visitan al Ni\u00f1o Jes\u00fas y le dan regalos                                                                Ficha 31 Jes\u00fas fue un ni\u00f1o como yo y lo quiero mucho\t\t\t<\/a>\r\n\t\t<\/h2>\r\n\t\t\t\t<div class=\"premium-blog-entry-meta\">\r\n\t\t\t\r\n\t\t\t\r\n\t\t\t\r\n\t\t\t\t\t<\/div>\r\n\t\t\r\n\t\t\t\t\t<\/div>\r\n\r\n\t\t\t\t\t\t\t\t\t\t\r\n\t\t\t\t<\/div>\r\n\t\t\t<\/div>\r\n\t\t<\/div>\r\n\r\n\t\t\t\t<\/div>\r\n\r\n\t\t\t\t<\/div>\n\t\t\t\t<\/div>\n\t\t\t\t\t\t<\/div>\n\t\t\t\t\t<\/div>\n\t\t<\/div>\n\t\t\t\t\t\t\t\t<\/div>\n\t\t\t\t\t<\/div>\n\t\t<\/section>\n\t\t\t\t<section class=\"elementor-section elementor-top-section elementor-element elementor-element-db5f5fd elementor-section-full_width elementor-section-height-default elementor-section-height-default exad-glass-effect-no exad-sticky-section-no\" data-id=\"db5f5fd\" data-element_type=\"section\" data-settings=\"{&quot;background_background&quot;:&quot;gradient&quot;}\">\n\t\t\t\t\t\t<div class=\"elementor-container elementor-column-gap-no\">\n\t\t\t\t\t\t\t<div class=\"elementor-row\">\n\t\t\t\t\t<div class=\"aux-parallax-section elementor-column elementor-col-100 elementor-top-column elementor-element elementor-element-7979486 exad-glass-effect-no exad-sticky-section-no\" data-id=\"7979486\" data-element_type=\"column\">\n\t\t\t<div class=\"elementor-column-wrap\">\n\t\t\t\t\t\t\t<div class=\"elementor-widget-wrap\">\n\t\t\t\t\t\t\t\t<\/div>\n\t\t\t\t\t<\/div>\n\t\t<\/div>\n\t\t\t\t\t\t\t\t<\/div>\n\t\t\t\t\t<\/div>\n\t\t<\/section>\n\t\t\t\t\t\t\t\t\t<\/div>\n\t\t\t<\/div>\n\t\t\t\t\t<\/div>\n\t\t","protected":false},"excerpt":{"rendered":"<p>TERCERO EDUCACI\u00d3N EN LA FE ENERO SEPTIEMBRE OCTUBRE NOVIEMBRE DICIEMBRE ENERO FEBRERO MARZO ABRIL MAYO JUNIO PERFILES DE EGRESO MODELO EDUCATIVO CRONOGRAMA INSUMOS (RECURSOS) EVALUACI\u00d3N EVIDENCIAS Ficha 23 Jos\u00e9 Antonio hizo una casa para Dios que se llama templo de San Felipe de Jes\u00fas Ficha 36 La Virgen Mar\u00eda quiere platicar conmigo Ficha 34 Jes\u00fas [&hellip;]<\/p>\n","protected":false},"author":1,"featured_media":0,"parent":0,"menu_order":0,"comment_status":"closed","ping_status":"closed","template":"","meta":{"footnotes":""},"_links":{"self":[{"href":"https:\/\/colegiosguadalupanosplancartinos.org\/preescolar\/wp-json\/wp\/v2\/pages\/5384"}],"collection":[{"href":"https:\/\/colegiosguadalupanosplancartinos.org\/preescolar\/wp-json\/wp\/v2\/pages"}],"about":[{"href":"https:\/\/colegiosguadalupanosplancartinos.org\/preescolar\/wp-json\/wp\/v2\/types\/page"}],"author":[{"embeddable":true,"href":"https:\/\/colegiosguadalupanosplancartinos.org\/preescolar\/wp-json\/wp\/v2\/users\/1"}],"replies":[{"embeddable":true,"href":"https:\/\/colegiosguadalupanosplancartinos.org\/preescolar\/wp-json\/wp\/v2\/comments?post=5384"}],"version-history":[{"count":9,"href":"https:\/\/colegiosguadalupanosplancartinos.org\/preescolar\/wp-json\/wp\/v2\/pages\/5384\/revisions"}],"predecessor-version":[{"id":7472,"href":"https:\/\/colegiosguadalupanosplancartinos.org\/preescolar\/wp-json\/wp\/v2\/pages\/5384\/revisions\/7472"}],"wp:attachment":[{"href":"https:\/\/colegiosguadalupanosplancartinos.org\/preescolar\/wp-json\/wp\/v2\/media?parent=5384"}],"curies":[{"name":"wp","href":"https:\/\/api.w.org\/{rel}","templated":true}]}}