{"id":5091,"date":"2021-12-15T07:19:36","date_gmt":"2021-12-15T07:19:36","guid":{"rendered":"https:\/\/colegiosguadalupanosplancartinos.org\/preescolar\/?page_id=5091"},"modified":"2022-08-26T07:19:09","modified_gmt":"2022-08-26T07:19:09","slug":"primero-eduacafe-ene","status":"publish","type":"page","link":"https:\/\/colegiosguadalupanosplancartinos.org\/preescolar\/primero-eduacafe-ene\/","title":{"rendered":"PRIMERO-EDUCA_FE-ENE"},"content":{"rendered":"\t\t<div data-elementor-type=\"wp-page\" data-elementor-id=\"5091\" class=\"elementor elementor-5091\">\n\t\t\t\t\t\t<div class=\"elementor-inner\">\n\t\t\t\t<div class=\"elementor-section-wrap\">\n\t\t\t\t\t\t\t\t\t<section class=\"elementor-section elementor-top-section elementor-element elementor-element-ed7b704 elementor-section-full_width elementor-section-height-default elementor-section-height-default exad-glass-effect-no exad-sticky-section-no\" data-id=\"ed7b704\" data-element_type=\"section\" data-settings=\"{&quot;background_background&quot;:&quot;classic&quot;}\">\n\t\t\t\t\t\t<div class=\"elementor-container elementor-column-gap-no\">\n\t\t\t\t\t\t\t<div class=\"elementor-row\">\n\t\t\t\t\t<div class=\"aux-parallax-section elementor-column elementor-col-50 elementor-top-column elementor-element elementor-element-14cd0c0 exad-glass-effect-no exad-sticky-section-no\" data-id=\"14cd0c0\" data-element_type=\"column\">\n\t\t\t<div class=\"elementor-column-wrap elementor-element-populated\">\n\t\t\t\t\t\t\t<div class=\"elementor-widget-wrap\">\n\t\t\t\t\t\t<div class=\"elementor-element elementor-element-ca7aad9 exad-sticky-section-no exad-glass-effect-no elementor-widget elementor-widget-image\" data-id=\"ca7aad9\" data-element_type=\"widget\" data-widget_type=\"image.default\">\n\t\t\t\t<div class=\"elementor-widget-container\">\n\t\t\t<style>\/*! elementor - v3.16.0 - 20-09-2023 *\/\n.elementor-widget-image{text-align:center}.elementor-widget-image a{display:inline-block}.elementor-widget-image a img[src$=\".svg\"]{width:48px}.elementor-widget-image img{vertical-align:middle;display:inline-block}<\/style>\t\t\t\t\t<div class=\"elementor-image\">\n\t\t\t\t\t\t\t\t\t\t\t\t<img decoding=\"async\" loading=\"lazy\" width=\"325\" height=\"325\" src=\"https:\/\/colegiosguadalupanosplancartinos.org\/preescolar\/wp-content\/uploads\/2021\/11\/educafe.png\" class=\"attachment-large size-large wp-image-4340\" alt=\"\" srcset=\"https:\/\/colegiosguadalupanosplancartinos.org\/preescolar\/wp-content\/uploads\/2021\/11\/educafe.png 325w, https:\/\/colegiosguadalupanosplancartinos.org\/preescolar\/wp-content\/uploads\/2021\/11\/educafe-300x300.png 300w, https:\/\/colegiosguadalupanosplancartinos.org\/preescolar\/wp-content\/uploads\/2021\/11\/educafe-150x150.png 150w\" sizes=\"(max-width: 325px) 100vw, 325px\" \/>\t\t\t\t\t\t\t\t\t\t\t\t\t\t<\/div>\n\t\t\t\t\t\t<\/div>\n\t\t\t\t<\/div>\n\t\t\t\t\t\t<\/div>\n\t\t\t\t\t<\/div>\n\t\t<\/div>\n\t\t\t\t<div class=\"aux-parallax-section elementor-column elementor-col-50 elementor-top-column elementor-element elementor-element-d628b74 exad-glass-effect-no exad-sticky-section-no\" data-id=\"d628b74\" data-element_type=\"column\">\n\t\t\t<div class=\"elementor-column-wrap elementor-element-populated\">\n\t\t\t\t\t\t\t<div class=\"elementor-widget-wrap\">\n\t\t\t\t\t\t<div class=\"elementor-element elementor-element-1fee824 exad-sticky-section-no exad-glass-effect-no elementor-widget elementor-widget-heading\" data-id=\"1fee824\" data-element_type=\"widget\" data-widget_type=\"heading.default\">\n\t\t\t\t<div class=\"elementor-widget-container\">\n\t\t\t<style>\/*! elementor - v3.16.0 - 20-09-2023 *\/\n.elementor-heading-title{padding:0;margin:0;line-height:1}.elementor-widget-heading .elementor-heading-title[class*=elementor-size-]>a{color:inherit;font-size:inherit;line-height:inherit}.elementor-widget-heading .elementor-heading-title.elementor-size-small{font-size:15px}.elementor-widget-heading .elementor-heading-title.elementor-size-medium{font-size:19px}.elementor-widget-heading .elementor-heading-title.elementor-size-large{font-size:29px}.elementor-widget-heading .elementor-heading-title.elementor-size-xl{font-size:39px}.elementor-widget-heading .elementor-heading-title.elementor-size-xxl{font-size:59px}<\/style><h1 class=\"elementor-heading-title elementor-size-default\">PRIMERO<\/h1>\t\t<\/div>\n\t\t\t\t<\/div>\n\t\t\t\t<div class=\"elementor-element elementor-element-2556ba9 exad-sticky-section-no exad-glass-effect-no elementor-widget elementor-widget-heading\" data-id=\"2556ba9\" data-element_type=\"widget\" data-widget_type=\"heading.default\">\n\t\t\t\t<div class=\"elementor-widget-container\">\n\t\t\t<h1 class=\"elementor-heading-title elementor-size-default\">EDUCACI\u00d3N EN LA FE<\/h1>\t\t<\/div>\n\t\t\t\t<\/div>\n\t\t\t\t<div class=\"elementor-element elementor-element-a961a67 exad-sticky-section-no exad-glass-effect-no elementor-widget elementor-widget-heading\" data-id=\"a961a67\" data-element_type=\"widget\" data-widget_type=\"heading.default\">\n\t\t\t\t<div class=\"elementor-widget-container\">\n\t\t\t<h1 class=\"elementor-heading-title elementor-size-default\">ENERO<\/h1>\t\t<\/div>\n\t\t\t\t<\/div>\n\t\t\t\t\t\t<\/div>\n\t\t\t\t\t<\/div>\n\t\t<\/div>\n\t\t\t\t\t\t\t\t<\/div>\n\t\t\t\t\t<\/div>\n\t\t<\/section>\n\t\t\t\t<section class=\"elementor-section elementor-top-section elementor-element elementor-element-473fb41a elementor-section-full_width elementor-reverse-mobile elementor-section-height-default elementor-section-height-default exad-glass-effect-no exad-sticky-section-no\" data-id=\"473fb41a\" data-element_type=\"section\" data-settings=\"{&quot;background_background&quot;:&quot;classic&quot;}\">\n\t\t\t\t\t\t<div class=\"elementor-container elementor-column-gap-no\">\n\t\t\t\t\t\t\t<div class=\"elementor-row\">\n\t\t\t\t\t<div class=\"aux-parallax-section elementor-column elementor-col-50 elementor-top-column elementor-element elementor-element-7c93bb3d exad-glass-effect-yes aux-appear-watch-animation aux-slide-from-left\" data-id=\"7c93bb3d\" data-element_type=\"column\" data-settings=\"{&quot;background_background&quot;:&quot;classic&quot;}\">\n\t\t\t<div class=\"elementor-column-wrap elementor-element-populated\">\n\t\t\t\t\t\t\t<div class=\"elementor-widget-wrap\">\n\t\t\t\t\t\t<div class=\"elementor-element elementor-element-7ecb4b87 exad-glass-effect-yes exad-sticky-section-no elementor-widget elementor-widget-heading\" data-id=\"7ecb4b87\" data-element_type=\"widget\" data-widget_type=\"heading.default\">\n\t\t\t\t<div class=\"elementor-widget-container\">\n\t\t\t<h4 class=\"elementor-heading-title elementor-size-default\"><a href=\"https:\/\/colegiosguadalupanosplancartinos.org\/preescolar\/primero-eduacafe-sep2021\/\">SEPTIEMBRE<\/a><\/h4>\t\t<\/div>\n\t\t\t\t<\/div>\n\t\t\t\t<div class=\"elementor-element elementor-element-71c80a7c exad-glass-effect-yes exad-sticky-section-no elementor-widget elementor-widget-heading\" data-id=\"71c80a7c\" data-element_type=\"widget\" data-widget_type=\"heading.default\">\n\t\t\t\t<div class=\"elementor-widget-container\">\n\t\t\t<h4 class=\"elementor-heading-title elementor-size-default\"><a href=\"https:\/\/colegiosguadalupanosplancartinos.org\/preescolar\/primero-eduacafe-oct2021\/\">OCTUBRE<\/a><\/h4>\t\t<\/div>\n\t\t\t\t<\/div>\n\t\t\t\t<div class=\"elementor-element elementor-element-5247d660 exad-glass-effect-yes exad-sticky-section-no elementor-widget elementor-widget-heading\" data-id=\"5247d660\" data-element_type=\"widget\" data-widget_type=\"heading.default\">\n\t\t\t\t<div class=\"elementor-widget-container\">\n\t\t\t<h4 class=\"elementor-heading-title elementor-size-default\"><a href=\"https:\/\/colegiosguadalupanosplancartinos.org\/preescolar\/primero-eduacafe-nov\">NOVIEMBRE<\/a><\/h4>\t\t<\/div>\n\t\t\t\t<\/div>\n\t\t\t\t<div class=\"elementor-element elementor-element-301ac5b8 exad-glass-effect-yes exad-sticky-section-no elementor-widget elementor-widget-heading\" data-id=\"301ac5b8\" data-element_type=\"widget\" data-widget_type=\"heading.default\">\n\t\t\t\t<div class=\"elementor-widget-container\">\n\t\t\t<h4 class=\"elementor-heading-title elementor-size-default\"><a href=\"https:\/\/colegiosguadalupanosplancartinos.org\/preescolar\/primero-eduacafe-dic\">DICIEMBRE<\/a><\/h4>\t\t<\/div>\n\t\t\t\t<\/div>\n\t\t\t\t<div class=\"elementor-element elementor-element-79ca5caa exad-glass-effect-yes exad-sticky-section-no elementor-widget elementor-widget-heading\" data-id=\"79ca5caa\" data-element_type=\"widget\" data-widget_type=\"heading.default\">\n\t\t\t\t<div class=\"elementor-widget-container\">\n\t\t\t<h4 class=\"elementor-heading-title elementor-size-default\"><a href=\"https:\/\/colegiosguadalupanosplancartinos.org\/preescolar\/primero-eduacafe-ene\">ENERO<\/a><\/h4>\t\t<\/div>\n\t\t\t\t<\/div>\n\t\t\t\t<div class=\"elementor-element elementor-element-35100482 exad-glass-effect-yes exad-sticky-section-no elementor-widget elementor-widget-heading\" data-id=\"35100482\" data-element_type=\"widget\" data-widget_type=\"heading.default\">\n\t\t\t\t<div class=\"elementor-widget-container\">\n\t\t\t<h4 class=\"elementor-heading-title elementor-size-default\"><a href=\"https:\/\/colegiosguadalupanosplancartinos.org\/preescolar\/primero-eduacafe-feb\">FEBRERO<\/a><\/h4>\t\t<\/div>\n\t\t\t\t<\/div>\n\t\t\t\t<div class=\"elementor-element elementor-element-4b8269d9 exad-glass-effect-yes exad-sticky-section-no elementor-widget elementor-widget-heading\" data-id=\"4b8269d9\" data-element_type=\"widget\" data-widget_type=\"heading.default\">\n\t\t\t\t<div class=\"elementor-widget-container\">\n\t\t\t<h4 class=\"elementor-heading-title elementor-size-default\"><a href=\"https:\/\/colegiosguadalupanosplancartinos.org\/preescolar\/primero-eduacafe-mar\">MARZO<\/a><\/h4>\t\t<\/div>\n\t\t\t\t<\/div>\n\t\t\t\t<div class=\"elementor-element elementor-element-38b08825 exad-glass-effect-yes exad-sticky-section-no elementor-widget elementor-widget-heading\" data-id=\"38b08825\" data-element_type=\"widget\" data-widget_type=\"heading.default\">\n\t\t\t\t<div class=\"elementor-widget-container\">\n\t\t\t<h4 class=\"elementor-heading-title elementor-size-default\"><a href=\"https:\/\/colegiosguadalupanosplancartinos.org\/preescolar\/primero-eduacafe-abr\">ABRIL<\/a><\/h4>\t\t<\/div>\n\t\t\t\t<\/div>\n\t\t\t\t<div class=\"elementor-element elementor-element-818915b exad-glass-effect-yes exad-sticky-section-no elementor-widget elementor-widget-heading\" data-id=\"818915b\" data-element_type=\"widget\" data-widget_type=\"heading.default\">\n\t\t\t\t<div class=\"elementor-widget-container\">\n\t\t\t<h4 class=\"elementor-heading-title elementor-size-default\"><a href=\"https:\/\/colegiosguadalupanosplancartinos.org\/preescolar\/primero-eduacafe-may\">MAYO<\/a><\/h4>\t\t<\/div>\n\t\t\t\t<\/div>\n\t\t\t\t<div class=\"elementor-element elementor-element-7f546b1f exad-glass-effect-yes exad-sticky-section-no elementor-widget elementor-widget-heading\" data-id=\"7f546b1f\" data-element_type=\"widget\" data-widget_type=\"heading.default\">\n\t\t\t\t<div class=\"elementor-widget-container\">\n\t\t\t<h4 class=\"elementor-heading-title elementor-size-default\"><a href=\"https:\/\/colegiosguadalupanosplancartinos.org\/preescolar\/primero-eduacafe-jun\">JUNIO<\/a><\/h4>\t\t<\/div>\n\t\t\t\t<\/div>\n\t\t\t\t<div class=\"elementor-element elementor-element-169e7727 exad-sticky-section-no exad-glass-effect-no elementor-widget elementor-widget-heading\" data-id=\"169e7727\" data-element_type=\"widget\" data-widget_type=\"heading.default\">\n\t\t\t\t<div class=\"elementor-widget-container\">\n\t\t\t<h3 class=\"elementor-heading-title elementor-size-default\"><a href=\"https:\/\/colegiosguadalupanosplancartinos.org\/preescolar\/primero-perfiles-egreso\/\">PERFILES DE EGRESO<\/a><\/h3>\t\t<\/div>\n\t\t\t\t<\/div>\n\t\t\t\t<div class=\"elementor-element elementor-element-3c827d5d exad-sticky-section-no exad-glass-effect-no elementor-widget elementor-widget-heading\" data-id=\"3c827d5d\" data-element_type=\"widget\" data-widget_type=\"heading.default\">\n\t\t\t\t<div class=\"elementor-widget-container\">\n\t\t\t<h3 class=\"elementor-heading-title elementor-size-default\"><a href=\"https:\/\/colegiosguadalupanosplancartinos.org\/preescolar\/modelo\/\">MODELO EDUCATIVO<\/a><\/h3>\t\t<\/div>\n\t\t\t\t<\/div>\n\t\t\t\t<div class=\"elementor-element elementor-element-443079f9 exad-sticky-section-no exad-glass-effect-no elementor-widget elementor-widget-heading\" data-id=\"443079f9\" data-element_type=\"widget\" data-widget_type=\"heading.default\">\n\t\t\t\t<div class=\"elementor-widget-container\">\n\t\t\t<h3 class=\"elementor-heading-title elementor-size-default\"><a href=\"https:\/\/colegiosguadalupanosplancartinos.org\/preescolar\/primero-cronogramas-generales\/\">CRONOGRAMA<\/a><\/h3>\t\t<\/div>\n\t\t\t\t<\/div>\n\t\t\t\t<div class=\"elementor-element elementor-element-195751e4 exad-sticky-section-no exad-glass-effect-no elementor-widget elementor-widget-heading\" data-id=\"195751e4\" data-element_type=\"widget\" data-widget_type=\"heading.default\">\n\t\t\t\t<div class=\"elementor-widget-container\">\n\t\t\t<h3 class=\"elementor-heading-title elementor-size-default\"><a href=\"https:\/\/colegiosguadalupanosplancartinos.org\/preescolar\/primero-educacionenlafe-insumos\/\">INSUMOS (RECURSOS)<\/a><\/h3>\t\t<\/div>\n\t\t\t\t<\/div>\n\t\t\t\t<div class=\"elementor-element elementor-element-7fde0458 exad-sticky-section-no exad-glass-effect-no elementor-widget elementor-widget-heading\" data-id=\"7fde0458\" data-element_type=\"widget\" data-widget_type=\"heading.default\">\n\t\t\t\t<div class=\"elementor-widget-container\">\n\t\t\t<h3 class=\"elementor-heading-title elementor-size-default\">EVALUACI\u00d3N<\/h3>\t\t<\/div>\n\t\t\t\t<\/div>\n\t\t\t\t<div class=\"elementor-element elementor-element-68bdc0c8 exad-sticky-section-no exad-glass-effect-no elementor-widget elementor-widget-heading\" data-id=\"68bdc0c8\" data-element_type=\"widget\" data-widget_type=\"heading.default\">\n\t\t\t\t<div class=\"elementor-widget-container\">\n\t\t\t<h3 class=\"elementor-heading-title elementor-size-default\"><a href=\"https:\/\/colegiosguadalupanosplancartinos.org\/preescolar\/envio-evidencias\/\">EVIDENCIAS<\/a><\/h3>\t\t<\/div>\n\t\t\t\t<\/div>\n\t\t\t\t\t\t<\/div>\n\t\t\t\t\t<\/div>\n\t\t<\/div>\n\t\t\t\t<div class=\"aux-parallax-section elementor-column elementor-col-50 elementor-top-column elementor-element elementor-element-47311253 exad-glass-effect-no exad-sticky-section-no\" data-id=\"47311253\" data-element_type=\"column\">\n\t\t\t<div class=\"elementor-column-wrap elementor-element-populated\">\n\t\t\t\t\t\t\t<div class=\"elementor-widget-wrap\">\n\t\t\t\t\t\t<div class=\"elementor-element elementor-element-3671965e premium-blog-align-left exad-sticky-section-no exad-glass-effect-no elementor-widget elementor-widget-premium-addon-blog\" data-id=\"3671965e\" data-element_type=\"widget\" data-widget_type=\"premium-addon-blog.default\">\n\t\t\t\t<div class=\"elementor-widget-container\">\n\t\t\t\r\n\t\t\t\t<div class=\"premium-blog-wrap premium-blog-masked premium-blog-list\" data-page=\"5091\">\r\n\t\t\t\t\t<div class=\"premium-blog-post-outer-container\" data-total=\"1\">\r\n\t\t\t<div class=\"premium-blog-post-container premium-blog-skin-side\">\r\n\t\t\t\t\t\t\t\t\t<div class=\"premium-blog-thumb-effect-wrapper\">\r\n\t\t\t\t\t\t<div class=\"premium-blog-thumbnail-container premium-blog-none-effect\">\r\n\t\t\t\t\t\t\t<img decoding=\"async\" loading=\"lazy\" width=\"1280\" height=\"718\" src=\"https:\/\/colegiosguadalupanosplancartinos.org\/preescolar\/wp-content\/uploads\/2022\/08\/SEMANA-17.jpg\" class=\"attachment-full size-full wp-image-6122\" alt=\"\" srcset=\"https:\/\/colegiosguadalupanosplancartinos.org\/preescolar\/wp-content\/uploads\/2022\/08\/SEMANA-17.jpg 1280w, https:\/\/colegiosguadalupanosplancartinos.org\/preescolar\/wp-content\/uploads\/2022\/08\/SEMANA-17-600x337.jpg 600w, https:\/\/colegiosguadalupanosplancartinos.org\/preescolar\/wp-content\/uploads\/2022\/08\/SEMANA-17-1157x649.jpg 1157w\" \/><svg class=\"premium-blog-shape-divider-svg\" xmlns=\"http:\/\/www.w3.org\/2000\/svg\" viewBox=\"0 0 283.5 19.6\" preserveAspectRatio=\"none\"><path  style=\"opacity:0.33\" d=\"M0 0L0 18.8 141.8 4.1 283.5 18.8 283.5 0z\"\/><path  style=\"opacity:0.33\" d=\"M0 0L0 12.6 141.8 4 283.5 12.6 283.5 0z\"\/><path  style=\"opacity:0.33\" d=\"M0 0L0 6.4 141.8 4 283.5 6.4 283.5 0z\"\/><path  d=\"M0 0L0 1.2 141.8 4 283.5 1.2 283.5 0z\"\/><\/svg>\t\t\t\t\t\t<\/div>\r\n\t\t\t\t\t\t\t\t\t\t\t\t\t<div class=\"premium-blog-thumbnail-overlay\">\r\n\t\t\t\t\t\t\t\t<a class=\"elementor-icon\" href=\"https:\/\/colegiosguadalupanosplancartinos.org\/preescolar\/ficha-30-los-reyes-magos-visitan-a-jesus-y-a-sus-papas\/\" target=\"_blank\" aria-hidden=\"true\"><span>Ficha 30 Los reyes magos visitan a Jes\u00fas y a sus pap\u00e1s<\/span><\/a>\r\n\t\t\t\t\t\t\t<\/div>\r\n\t\t\t\t\t\t\t\t\t\t\t<\/div>\r\n\t\t\t\t\t\t\t\t\t\t\t\t<div class=\"premium-blog-content-wrapper \">\r\n\r\n\t\t\t\t\t<div class=\"premium-blog-inner-container\">\r\n\r\n\t\t\t\t\t\t\t\t\t\t\t\t\t\t<h2 class=\"premium-blog-entry-title\">\r\n\t\t\t<a href=\"https:\/\/colegiosguadalupanosplancartinos.org\/preescolar\/ficha-30-los-reyes-magos-visitan-a-jesus-y-a-sus-papas\/\" target=\"_blank\">\r\n\t\t\t\tFicha 30 Los reyes magos visitan a Jes\u00fas y a sus pap\u00e1s\t\t\t<\/a>\r\n\t\t<\/h2>\r\n\t\t\t\t<div class=\"premium-blog-entry-meta\">\r\n\t\t\t\r\n\t\t\t\r\n\t\t\t\r\n\t\t\t\t\t<\/div>\r\n\t\t\r\n\t\t\t\t\t<\/div>\r\n\r\n\t\t\t\t\t\t\t\t\t\t\r\n\t\t\t\t<\/div>\r\n\t\t\t<\/div>\r\n\t\t<\/div>\r\n\r\n\t\t\t\t<div class=\"premium-blog-post-outer-container\" data-total=\"1\">\r\n\t\t\t<div class=\"premium-blog-post-container premium-blog-skin-side\">\r\n\t\t\t\t\t\t\t\t\t<div class=\"premium-blog-thumb-effect-wrapper\">\r\n\t\t\t\t\t\t<div class=\"premium-blog-thumbnail-container premium-blog-none-effect\">\r\n\t\t\t\t\t\t\t<img decoding=\"async\" loading=\"lazy\" width=\"1280\" height=\"718\" src=\"https:\/\/colegiosguadalupanosplancartinos.org\/preescolar\/wp-content\/uploads\/2022\/08\/SEMANA-18.jpg\" class=\"attachment-full size-full wp-image-6125\" alt=\"\" srcset=\"https:\/\/colegiosguadalupanosplancartinos.org\/preescolar\/wp-content\/uploads\/2022\/08\/SEMANA-18.jpg 1280w, https:\/\/colegiosguadalupanosplancartinos.org\/preescolar\/wp-content\/uploads\/2022\/08\/SEMANA-18-600x337.jpg 600w, https:\/\/colegiosguadalupanosplancartinos.org\/preescolar\/wp-content\/uploads\/2022\/08\/SEMANA-18-1157x649.jpg 1157w\" \/><svg class=\"premium-blog-shape-divider-svg\" xmlns=\"http:\/\/www.w3.org\/2000\/svg\" viewBox=\"0 0 283.5 19.6\" preserveAspectRatio=\"none\"><path  style=\"opacity:0.33\" d=\"M0 0L0 18.8 141.8 4.1 283.5 18.8 283.5 0z\"\/><path  style=\"opacity:0.33\" d=\"M0 0L0 12.6 141.8 4 283.5 12.6 283.5 0z\"\/><path  style=\"opacity:0.33\" d=\"M0 0L0 6.4 141.8 4 283.5 6.4 283.5 0z\"\/><path  d=\"M0 0L0 1.2 141.8 4 283.5 1.2 283.5 0z\"\/><\/svg>\t\t\t\t\t\t<\/div>\r\n\t\t\t\t\t\t\t\t\t\t\t\t\t<div class=\"premium-blog-thumbnail-overlay\">\r\n\t\t\t\t\t\t\t\t<a class=\"elementor-icon\" href=\"https:\/\/colegiosguadalupanosplancartinos.org\/preescolar\/ficha-24-quiero-platicar-con-jesus-ficha-25-jose-antonio-platica-con-jesus\/\" target=\"_blank\" aria-hidden=\"true\"><span>Ficha 24 Quiero platicar con Jes\u00fas. Ficha 25 Jos\u00e9 Antonio platica con Jes\u00fas\u00a0<\/span><\/a>\r\n\t\t\t\t\t\t\t<\/div>\r\n\t\t\t\t\t\t\t\t\t\t\t<\/div>\r\n\t\t\t\t\t\t\t\t\t\t\t\t<div class=\"premium-blog-content-wrapper \">\r\n\r\n\t\t\t\t\t<div class=\"premium-blog-inner-container\">\r\n\r\n\t\t\t\t\t\t\t\t\t\t\t\t\t\t<h2 class=\"premium-blog-entry-title\">\r\n\t\t\t<a href=\"https:\/\/colegiosguadalupanosplancartinos.org\/preescolar\/ficha-24-quiero-platicar-con-jesus-ficha-25-jose-antonio-platica-con-jesus\/\" target=\"_blank\">\r\n\t\t\t\tFicha 24 Quiero platicar con Jes\u00fas. Ficha 25 Jos\u00e9 Antonio platica con Jes\u00fas\u00a0\t\t\t<\/a>\r\n\t\t<\/h2>\r\n\t\t\t\t<div class=\"premium-blog-entry-meta\">\r\n\t\t\t\r\n\t\t\t\r\n\t\t\t\r\n\t\t\t\t\t<\/div>\r\n\t\t\r\n\t\t\t\t\t<\/div>\r\n\r\n\t\t\t\t\t\t\t\t\t\t\r\n\t\t\t\t<\/div>\r\n\t\t\t<\/div>\r\n\t\t<\/div>\r\n\r\n\t\t\t\t<div class=\"premium-blog-post-outer-container\" data-total=\"1\">\r\n\t\t\t<div class=\"premium-blog-post-container premium-blog-skin-side\">\r\n\t\t\t\t\t\t\t\t\t<div class=\"premium-blog-thumb-effect-wrapper\">\r\n\t\t\t\t\t\t<div class=\"premium-blog-thumbnail-container premium-blog-none-effect\">\r\n\t\t\t\t\t\t\t<img decoding=\"async\" loading=\"lazy\" width=\"1280\" height=\"718\" src=\"https:\/\/colegiosguadalupanosplancartinos.org\/preescolar\/wp-content\/uploads\/2022\/08\/SEMANA-19.jpg\" class=\"attachment-full size-full wp-image-6127\" alt=\"\" srcset=\"https:\/\/colegiosguadalupanosplancartinos.org\/preescolar\/wp-content\/uploads\/2022\/08\/SEMANA-19.jpg 1280w, https:\/\/colegiosguadalupanosplancartinos.org\/preescolar\/wp-content\/uploads\/2022\/08\/SEMANA-19-600x337.jpg 600w, https:\/\/colegiosguadalupanosplancartinos.org\/preescolar\/wp-content\/uploads\/2022\/08\/SEMANA-19-1157x649.jpg 1157w\" \/><svg class=\"premium-blog-shape-divider-svg\" xmlns=\"http:\/\/www.w3.org\/2000\/svg\" viewBox=\"0 0 283.5 19.6\" preserveAspectRatio=\"none\"><path  style=\"opacity:0.33\" d=\"M0 0L0 18.8 141.8 4.1 283.5 18.8 283.5 0z\"\/><path  style=\"opacity:0.33\" d=\"M0 0L0 12.6 141.8 4 283.5 12.6 283.5 0z\"\/><path  style=\"opacity:0.33\" d=\"M0 0L0 6.4 141.8 4 283.5 6.4 283.5 0z\"\/><path  d=\"M0 0L0 1.2 141.8 4 283.5 1.2 283.5 0z\"\/><\/svg>\t\t\t\t\t\t<\/div>\r\n\t\t\t\t\t\t\t\t\t\t\t\t\t<div class=\"premium-blog-thumbnail-overlay\">\r\n\t\t\t\t\t\t\t\t<a class=\"elementor-icon\" href=\"https:\/\/colegiosguadalupanosplancartinos.org\/preescolar\/ficha-31-visito-a-jesus-y-a-su-familia-en-su-casa-ficha-32-jose-antonio-me-presenta-a-su-familia\/\" target=\"_blank\" aria-hidden=\"true\"><span>Ficha 31 Visito a Jes\u00fas y a su familia en su casa\u00a0  Ficha 32 Jos\u00e9 Antonio me presenta a su familia \u00a0<\/span><\/a>\r\n\t\t\t\t\t\t\t<\/div>\r\n\t\t\t\t\t\t\t\t\t\t\t<\/div>\r\n\t\t\t\t\t\t\t\t\t\t\t\t<div class=\"premium-blog-content-wrapper \">\r\n\r\n\t\t\t\t\t<div class=\"premium-blog-inner-container\">\r\n\r\n\t\t\t\t\t\t\t\t\t\t\t\t\t\t<h2 class=\"premium-blog-entry-title\">\r\n\t\t\t<a href=\"https:\/\/colegiosguadalupanosplancartinos.org\/preescolar\/ficha-31-visito-a-jesus-y-a-su-familia-en-su-casa-ficha-32-jose-antonio-me-presenta-a-su-familia\/\" target=\"_blank\">\r\n\t\t\t\tFicha 31 Visito a Jes\u00fas y a su familia en su casa\u00a0  Ficha 32 Jos\u00e9 Antonio me presenta a su familia \u00a0\t\t\t<\/a>\r\n\t\t<\/h2>\r\n\t\t\t\t<div class=\"premium-blog-entry-meta\">\r\n\t\t\t\r\n\t\t\t\r\n\t\t\t\r\n\t\t\t\t\t<\/div>\r\n\t\t\r\n\t\t\t\t\t<\/div>\r\n\r\n\t\t\t\t\t\t\t\t\t\t\r\n\t\t\t\t<\/div>\r\n\t\t\t<\/div>\r\n\t\t<\/div>\r\n\r\n\t\t\t\t<\/div>\r\n\r\n\t\t\t\t<\/div>\n\t\t\t\t<\/div>\n\t\t\t\t\t\t<\/div>\n\t\t\t\t\t<\/div>\n\t\t<\/div>\n\t\t\t\t\t\t\t\t<\/div>\n\t\t\t\t\t<\/div>\n\t\t<\/section>\n\t\t\t\t<section class=\"elementor-section elementor-top-section elementor-element elementor-element-db5f5fd elementor-section-full_width elementor-section-height-default elementor-section-height-default exad-glass-effect-no exad-sticky-section-no\" data-id=\"db5f5fd\" data-element_type=\"section\" data-settings=\"{&quot;background_background&quot;:&quot;gradient&quot;}\">\n\t\t\t\t\t\t<div class=\"elementor-container elementor-column-gap-no\">\n\t\t\t\t\t\t\t<div class=\"elementor-row\">\n\t\t\t\t\t<div class=\"aux-parallax-section elementor-column elementor-col-100 elementor-top-column elementor-element elementor-element-7979486 exad-glass-effect-no exad-sticky-section-no\" data-id=\"7979486\" data-element_type=\"column\">\n\t\t\t<div class=\"elementor-column-wrap\">\n\t\t\t\t\t\t\t<div class=\"elementor-widget-wrap\">\n\t\t\t\t\t\t\t\t<\/div>\n\t\t\t\t\t<\/div>\n\t\t<\/div>\n\t\t\t\t\t\t\t\t<\/div>\n\t\t\t\t\t<\/div>\n\t\t<\/section>\n\t\t\t\t\t\t\t\t\t<\/div>\n\t\t\t<\/div>\n\t\t\t\t\t<\/div>\n\t\t","protected":false},"excerpt":{"rendered":"<p>PRIMERO EDUCACI\u00d3N EN LA FE ENERO SEPTIEMBRE OCTUBRE NOVIEMBRE DICIEMBRE ENERO FEBRERO MARZO ABRIL MAYO JUNIO PERFILES DE EGRESO MODELO EDUCATIVO CRONOGRAMA INSUMOS (RECURSOS) EVALUACI\u00d3N EVIDENCIAS The current query has no posts. Please make sure you have published items matching your query.<\/p>\n","protected":false},"author":1,"featured_media":0,"parent":0,"menu_order":0,"comment_status":"closed","ping_status":"closed","template":"","meta":{"footnotes":""},"_links":{"self":[{"href":"https:\/\/colegiosguadalupanosplancartinos.org\/preescolar\/wp-json\/wp\/v2\/pages\/5091"}],"collection":[{"href":"https:\/\/colegiosguadalupanosplancartinos.org\/preescolar\/wp-json\/wp\/v2\/pages"}],"about":[{"href":"https:\/\/colegiosguadalupanosplancartinos.org\/preescolar\/wp-json\/wp\/v2\/types\/page"}],"author":[{"embeddable":true,"href":"https:\/\/colegiosguadalupanosplancartinos.org\/preescolar\/wp-json\/wp\/v2\/users\/1"}],"replies":[{"embeddable":true,"href":"https:\/\/colegiosguadalupanosplancartinos.org\/preescolar\/wp-json\/wp\/v2\/comments?post=5091"}],"version-history":[{"count":3,"href":"https:\/\/colegiosguadalupanosplancartinos.org\/preescolar\/wp-json\/wp\/v2\/pages\/5091\/revisions"}],"predecessor-version":[{"id":6251,"href":"https:\/\/colegiosguadalupanosplancartinos.org\/preescolar\/wp-json\/wp\/v2\/pages\/5091\/revisions\/6251"}],"wp:attachment":[{"href":"https:\/\/colegiosguadalupanosplancartinos.org\/preescolar\/wp-json\/wp\/v2\/media?parent=5091"}],"curies":[{"name":"wp","href":"https:\/\/api.w.org\/{rel}","templated":true}]}}