{"id":2093,"date":"2021-09-27T18:23:02","date_gmt":"2021-09-27T18:23:02","guid":{"rendered":"https:\/\/colegiosguadalupanosplancartinos.org\/preescolar\/?page_id=2093"},"modified":"2022-08-26T07:34:45","modified_gmt":"2022-08-26T07:34:45","slug":"segundo-eduacafe-sep2021","status":"publish","type":"page","link":"https:\/\/colegiosguadalupanosplancartinos.org\/preescolar\/segundo-eduacafe-sep2021\/","title":{"rendered":"SEGUNDO-EDUCA_FE-SEP2021"},"content":{"rendered":"\t\t<div data-elementor-type=\"wp-page\" data-elementor-id=\"2093\" class=\"elementor elementor-2093\">\n\t\t\t\t\t\t<div class=\"elementor-inner\">\n\t\t\t\t<div class=\"elementor-section-wrap\">\n\t\t\t\t\t\t\t\t\t<section class=\"elementor-section elementor-top-section elementor-element elementor-element-ed7b704 elementor-section-full_width elementor-section-height-default elementor-section-height-default exad-glass-effect-no exad-sticky-section-no\" data-id=\"ed7b704\" data-element_type=\"section\" data-settings=\"{&quot;background_background&quot;:&quot;classic&quot;}\">\n\t\t\t\t\t\t<div class=\"elementor-container elementor-column-gap-no\">\n\t\t\t\t\t\t\t<div class=\"elementor-row\">\n\t\t\t\t\t<div class=\"aux-parallax-section elementor-column elementor-col-50 elementor-top-column elementor-element elementor-element-14cd0c0 exad-glass-effect-no exad-sticky-section-no\" data-id=\"14cd0c0\" data-element_type=\"column\">\n\t\t\t<div class=\"elementor-column-wrap elementor-element-populated\">\n\t\t\t\t\t\t\t<div class=\"elementor-widget-wrap\">\n\t\t\t\t\t\t<div class=\"elementor-element elementor-element-ca7aad9 exad-sticky-section-no exad-glass-effect-no elementor-widget elementor-widget-image\" data-id=\"ca7aad9\" data-element_type=\"widget\" data-widget_type=\"image.default\">\n\t\t\t\t<div class=\"elementor-widget-container\">\n\t\t\t<style>\/*! elementor - v3.16.0 - 20-09-2023 *\/\n.elementor-widget-image{text-align:center}.elementor-widget-image a{display:inline-block}.elementor-widget-image a img[src$=\".svg\"]{width:48px}.elementor-widget-image img{vertical-align:middle;display:inline-block}<\/style>\t\t\t\t\t<div class=\"elementor-image\">\n\t\t\t\t\t\t\t\t\t\t\t\t<img decoding=\"async\" loading=\"lazy\" width=\"325\" height=\"325\" src=\"https:\/\/colegiosguadalupanosplancartinos.org\/preescolar\/wp-content\/uploads\/2021\/11\/educafe.png\" class=\"attachment-large size-large wp-image-4340\" alt=\"\" srcset=\"https:\/\/colegiosguadalupanosplancartinos.org\/preescolar\/wp-content\/uploads\/2021\/11\/educafe.png 325w, https:\/\/colegiosguadalupanosplancartinos.org\/preescolar\/wp-content\/uploads\/2021\/11\/educafe-300x300.png 300w, https:\/\/colegiosguadalupanosplancartinos.org\/preescolar\/wp-content\/uploads\/2021\/11\/educafe-150x150.png 150w\" sizes=\"(max-width: 325px) 100vw, 325px\" \/>\t\t\t\t\t\t\t\t\t\t\t\t\t\t<\/div>\n\t\t\t\t\t\t<\/div>\n\t\t\t\t<\/div>\n\t\t\t\t\t\t<\/div>\n\t\t\t\t\t<\/div>\n\t\t<\/div>\n\t\t\t\t<div class=\"aux-parallax-section elementor-column elementor-col-50 elementor-top-column elementor-element elementor-element-d628b74 exad-glass-effect-no exad-sticky-section-no\" data-id=\"d628b74\" data-element_type=\"column\">\n\t\t\t<div class=\"elementor-column-wrap elementor-element-populated\">\n\t\t\t\t\t\t\t<div class=\"elementor-widget-wrap\">\n\t\t\t\t\t\t<div class=\"elementor-element elementor-element-1fee824 exad-sticky-section-no exad-glass-effect-no elementor-widget elementor-widget-heading\" data-id=\"1fee824\" data-element_type=\"widget\" data-widget_type=\"heading.default\">\n\t\t\t\t<div class=\"elementor-widget-container\">\n\t\t\t<style>\/*! elementor - v3.16.0 - 20-09-2023 *\/\n.elementor-heading-title{padding:0;margin:0;line-height:1}.elementor-widget-heading .elementor-heading-title[class*=elementor-size-]>a{color:inherit;font-size:inherit;line-height:inherit}.elementor-widget-heading .elementor-heading-title.elementor-size-small{font-size:15px}.elementor-widget-heading .elementor-heading-title.elementor-size-medium{font-size:19px}.elementor-widget-heading .elementor-heading-title.elementor-size-large{font-size:29px}.elementor-widget-heading .elementor-heading-title.elementor-size-xl{font-size:39px}.elementor-widget-heading .elementor-heading-title.elementor-size-xxl{font-size:59px}<\/style><h1 class=\"elementor-heading-title elementor-size-default\">SEGUNDO<\/h1>\t\t<\/div>\n\t\t\t\t<\/div>\n\t\t\t\t<div class=\"elementor-element elementor-element-2556ba9 exad-sticky-section-no exad-glass-effect-no elementor-widget elementor-widget-heading\" data-id=\"2556ba9\" data-element_type=\"widget\" data-widget_type=\"heading.default\">\n\t\t\t\t<div class=\"elementor-widget-container\">\n\t\t\t<h1 class=\"elementor-heading-title elementor-size-default\">EDUCACI\u00d3N EN LA FE<\/h1>\t\t<\/div>\n\t\t\t\t<\/div>\n\t\t\t\t<div class=\"elementor-element elementor-element-a961a67 exad-sticky-section-no exad-glass-effect-no elementor-widget elementor-widget-heading\" data-id=\"a961a67\" data-element_type=\"widget\" data-widget_type=\"heading.default\">\n\t\t\t\t<div class=\"elementor-widget-container\">\n\t\t\t<h1 class=\"elementor-heading-title elementor-size-default\">SEPTIEMBRE<\/h1>\t\t<\/div>\n\t\t\t\t<\/div>\n\t\t\t\t\t\t<\/div>\n\t\t\t\t\t<\/div>\n\t\t<\/div>\n\t\t\t\t\t\t\t\t<\/div>\n\t\t\t\t\t<\/div>\n\t\t<\/section>\n\t\t\t\t<section class=\"elementor-section elementor-top-section elementor-element elementor-element-e76aa3a elementor-section-full_width elementor-reverse-mobile elementor-section-height-default elementor-section-height-default exad-glass-effect-no exad-sticky-section-no\" data-id=\"e76aa3a\" data-element_type=\"section\" data-settings=\"{&quot;background_background&quot;:&quot;classic&quot;}\">\n\t\t\t\t\t\t<div class=\"elementor-container elementor-column-gap-no\">\n\t\t\t\t\t\t\t<div class=\"elementor-row\">\n\t\t\t\t\t<div class=\"aux-parallax-section elementor-column elementor-col-50 elementor-top-column elementor-element elementor-element-ae5b3e1 exad-glass-effect-yes aux-appear-watch-animation aux-slide-from-left\" data-id=\"ae5b3e1\" data-element_type=\"column\" data-settings=\"{&quot;background_background&quot;:&quot;classic&quot;}\">\n\t\t\t<div class=\"elementor-column-wrap elementor-element-populated\">\n\t\t\t\t\t\t\t<div class=\"elementor-widget-wrap\">\n\t\t\t\t\t\t<div class=\"elementor-element elementor-element-4f722bf exad-glass-effect-yes exad-sticky-section-no elementor-widget elementor-widget-heading\" data-id=\"4f722bf\" data-element_type=\"widget\" data-widget_type=\"heading.default\">\n\t\t\t\t<div class=\"elementor-widget-container\">\n\t\t\t<h4 class=\"elementor-heading-title elementor-size-default\"><a href=\"https:\/\/colegiosguadalupanosplancartinos.org\/preescolar\/segundo-eduacafe-sep2021\/\">SEPTIEMBRE<\/a><\/h4>\t\t<\/div>\n\t\t\t\t<\/div>\n\t\t\t\t<div class=\"elementor-element elementor-element-8e221cd exad-glass-effect-yes exad-sticky-section-no elementor-widget elementor-widget-heading\" data-id=\"8e221cd\" data-element_type=\"widget\" data-widget_type=\"heading.default\">\n\t\t\t\t<div class=\"elementor-widget-container\">\n\t\t\t<h4 class=\"elementor-heading-title elementor-size-default\"><a href=\"https:\/\/colegiosguadalupanosplancartinos.org\/preescolar\/segundo-eduacafe-oct\">OCTUBRE<\/a><\/h4>\t\t<\/div>\n\t\t\t\t<\/div>\n\t\t\t\t<div class=\"elementor-element elementor-element-fc542a7 exad-glass-effect-yes exad-sticky-section-no elementor-widget elementor-widget-heading\" data-id=\"fc542a7\" data-element_type=\"widget\" data-widget_type=\"heading.default\">\n\t\t\t\t<div class=\"elementor-widget-container\">\n\t\t\t<h4 class=\"elementor-heading-title elementor-size-default\"><a href=\"https:\/\/colegiosguadalupanosplancartinos.org\/preescolar\/segundo-eduacafe-nov\">NOVIEMBRE<\/a><\/h4>\t\t<\/div>\n\t\t\t\t<\/div>\n\t\t\t\t<div class=\"elementor-element elementor-element-754702e exad-glass-effect-yes exad-sticky-section-no elementor-widget elementor-widget-heading\" data-id=\"754702e\" data-element_type=\"widget\" data-widget_type=\"heading.default\">\n\t\t\t\t<div class=\"elementor-widget-container\">\n\t\t\t<h4 class=\"elementor-heading-title elementor-size-default\"><a href=\"https:\/\/colegiosguadalupanosplancartinos.org\/preescolar\/segundo-eduacafe-dic\">DICIEMBRE<\/a><\/h4>\t\t<\/div>\n\t\t\t\t<\/div>\n\t\t\t\t<div class=\"elementor-element elementor-element-958d2a4 exad-glass-effect-yes exad-sticky-section-no elementor-widget elementor-widget-heading\" data-id=\"958d2a4\" data-element_type=\"widget\" data-widget_type=\"heading.default\">\n\t\t\t\t<div class=\"elementor-widget-container\">\n\t\t\t<h4 class=\"elementor-heading-title elementor-size-default\"><a href=\"https:\/\/colegiosguadalupanosplancartinos.org\/preescolar\/segundo-eduacafe-ene\">ENERO<\/a><\/h4>\t\t<\/div>\n\t\t\t\t<\/div>\n\t\t\t\t<div class=\"elementor-element elementor-element-1e79bff exad-glass-effect-yes exad-sticky-section-no elementor-widget elementor-widget-heading\" data-id=\"1e79bff\" data-element_type=\"widget\" data-widget_type=\"heading.default\">\n\t\t\t\t<div class=\"elementor-widget-container\">\n\t\t\t<h4 class=\"elementor-heading-title elementor-size-default\"><a href=\"https:\/\/colegiosguadalupanosplancartinos.org\/preescolar\/segundo-eduacafe-feb\">FEBRERO<\/a><\/h4>\t\t<\/div>\n\t\t\t\t<\/div>\n\t\t\t\t<div class=\"elementor-element elementor-element-85945c1 exad-glass-effect-yes exad-sticky-section-no elementor-widget elementor-widget-heading\" data-id=\"85945c1\" data-element_type=\"widget\" data-widget_type=\"heading.default\">\n\t\t\t\t<div class=\"elementor-widget-container\">\n\t\t\t<h4 class=\"elementor-heading-title elementor-size-default\"><a href=\"https:\/\/colegiosguadalupanosplancartinos.org\/preescolar\/segundo-eduacafe-mar\">MARZO<\/a><\/h4>\t\t<\/div>\n\t\t\t\t<\/div>\n\t\t\t\t<div class=\"elementor-element elementor-element-2205037 exad-glass-effect-yes exad-sticky-section-no elementor-widget elementor-widget-heading\" data-id=\"2205037\" data-element_type=\"widget\" data-widget_type=\"heading.default\">\n\t\t\t\t<div class=\"elementor-widget-container\">\n\t\t\t<h4 class=\"elementor-heading-title elementor-size-default\"><a href=\"https:\/\/colegiosguadalupanosplancartinos.org\/preescolar\/segundo-eduacafe-abr\">ABRIL<\/a><\/h4>\t\t<\/div>\n\t\t\t\t<\/div>\n\t\t\t\t<div class=\"elementor-element elementor-element-adb6661 exad-glass-effect-yes exad-sticky-section-no elementor-widget elementor-widget-heading\" data-id=\"adb6661\" data-element_type=\"widget\" data-widget_type=\"heading.default\">\n\t\t\t\t<div class=\"elementor-widget-container\">\n\t\t\t<h4 class=\"elementor-heading-title elementor-size-default\"><a href=\"https:\/\/colegiosguadalupanosplancartinos.org\/preescolar\/segundo-eduacafe-may\">MAYO<\/a><\/h4>\t\t<\/div>\n\t\t\t\t<\/div>\n\t\t\t\t<div class=\"elementor-element elementor-element-f763ccf exad-glass-effect-yes exad-sticky-section-no elementor-widget elementor-widget-heading\" data-id=\"f763ccf\" data-element_type=\"widget\" data-widget_type=\"heading.default\">\n\t\t\t\t<div class=\"elementor-widget-container\">\n\t\t\t<h4 class=\"elementor-heading-title elementor-size-default\"><a href=\"https:\/\/colegiosguadalupanosplancartinos.org\/preescolar\/segundo-eduacafe-jun\">JUNIO<\/a><\/h4>\t\t<\/div>\n\t\t\t\t<\/div>\n\t\t\t\t<div class=\"elementor-element elementor-element-7dfc564 exad-sticky-section-no exad-glass-effect-no elementor-widget elementor-widget-heading\" data-id=\"7dfc564\" data-element_type=\"widget\" data-widget_type=\"heading.default\">\n\t\t\t\t<div class=\"elementor-widget-container\">\n\t\t\t<h3 class=\"elementor-heading-title elementor-size-default\"><a href=\"https:\/\/colegiosguadalupanosplancartinos.org\/preescolar\/segundo-perfiles-egreso\/\">PERFILES DE EGRESO<\/a><\/h3>\t\t<\/div>\n\t\t\t\t<\/div>\n\t\t\t\t<div class=\"elementor-element elementor-element-39aa916 exad-sticky-section-no exad-glass-effect-no elementor-widget elementor-widget-heading\" data-id=\"39aa916\" data-element_type=\"widget\" data-widget_type=\"heading.default\">\n\t\t\t\t<div class=\"elementor-widget-container\">\n\t\t\t<h3 class=\"elementor-heading-title elementor-size-default\"><a href=\"https:\/\/colegiosguadalupanosplancartinos.org\/preescolar\/modelo\/\">MODELO EDUCATIVO<\/a><\/h3>\t\t<\/div>\n\t\t\t\t<\/div>\n\t\t\t\t<div class=\"elementor-element elementor-element-ca54ab1 exad-sticky-section-no exad-glass-effect-no elementor-widget elementor-widget-heading\" data-id=\"ca54ab1\" data-element_type=\"widget\" data-widget_type=\"heading.default\">\n\t\t\t\t<div class=\"elementor-widget-container\">\n\t\t\t<h3 class=\"elementor-heading-title elementor-size-default\"><a href=\"https:\/\/colegiosguadalupanosplancartinos.org\/preescolar\/segundo-cronogramas-generales\/\">CRONOGRAMA<\/a><\/h3>\t\t<\/div>\n\t\t\t\t<\/div>\n\t\t\t\t<div class=\"elementor-element elementor-element-2e9bbbb exad-sticky-section-no exad-glass-effect-no elementor-widget elementor-widget-heading\" data-id=\"2e9bbbb\" data-element_type=\"widget\" data-widget_type=\"heading.default\">\n\t\t\t\t<div class=\"elementor-widget-container\">\n\t\t\t<h3 class=\"elementor-heading-title elementor-size-default\"><a href=\"https:\/\/colegiosguadalupanosplancartinos.org\/preescolar\/primero-educacionenlafe-insumos\/\">INSUMOS (RECURSOS)<\/a><\/h3>\t\t<\/div>\n\t\t\t\t<\/div>\n\t\t\t\t<div class=\"elementor-element elementor-element-6f09111 exad-sticky-section-no exad-glass-effect-no elementor-widget elementor-widget-heading\" data-id=\"6f09111\" data-element_type=\"widget\" data-widget_type=\"heading.default\">\n\t\t\t\t<div class=\"elementor-widget-container\">\n\t\t\t<h3 class=\"elementor-heading-title elementor-size-default\">EVALUACI\u00d3N<\/h3>\t\t<\/div>\n\t\t\t\t<\/div>\n\t\t\t\t<div class=\"elementor-element elementor-element-7f257c7 exad-sticky-section-no exad-glass-effect-no elementor-widget elementor-widget-heading\" data-id=\"7f257c7\" data-element_type=\"widget\" data-widget_type=\"heading.default\">\n\t\t\t\t<div class=\"elementor-widget-container\">\n\t\t\t<h3 class=\"elementor-heading-title elementor-size-default\"><a href=\"https:\/\/colegiosguadalupanosplancartinos.org\/preescolar\/envio-evidencias\/\">EVIDENCIAS<\/a><\/h3>\t\t<\/div>\n\t\t\t\t<\/div>\n\t\t\t\t\t\t<\/div>\n\t\t\t\t\t<\/div>\n\t\t<\/div>\n\t\t\t\t<div class=\"aux-parallax-section elementor-column elementor-col-50 elementor-top-column elementor-element elementor-element-fc1a914 exad-glass-effect-no exad-sticky-section-no\" data-id=\"fc1a914\" data-element_type=\"column\">\n\t\t\t<div class=\"elementor-column-wrap elementor-element-populated\">\n\t\t\t\t\t\t\t<div class=\"elementor-widget-wrap\">\n\t\t\t\t\t\t<div class=\"elementor-element elementor-element-b99230a premium-blog-align-left exad-sticky-section-no exad-glass-effect-no elementor-widget elementor-widget-premium-addon-blog\" data-id=\"b99230a\" data-element_type=\"widget\" data-widget_type=\"premium-addon-blog.default\">\n\t\t\t\t<div class=\"elementor-widget-container\">\n\t\t\t\r\n\t\t\t\t<div class=\"premium-blog-wrap premium-blog-masked premium-blog-list\" data-page=\"2093\">\r\n\t\t\t\t\t<div class=\"premium-blog-post-outer-container\" data-total=\"1\">\r\n\t\t\t<div class=\"premium-blog-post-container premium-blog-skin-side\">\r\n\t\t\t\t\t\t\t\t\t<div class=\"premium-blog-thumb-effect-wrapper\">\r\n\t\t\t\t\t\t<div class=\"premium-blog-thumbnail-container premium-blog-none-effect\">\r\n\t\t\t\t\t\t\t<img decoding=\"async\" loading=\"lazy\" width=\"1280\" height=\"720\" src=\"https:\/\/colegiosguadalupanosplancartinos.org\/preescolar\/wp-content\/uploads\/2021\/10\/portada-SEM3.png\" class=\"attachment-full size-full wp-image-2568\" alt=\"\" srcset=\"https:\/\/colegiosguadalupanosplancartinos.org\/preescolar\/wp-content\/uploads\/2021\/10\/portada-SEM3.png 1280w, https:\/\/colegiosguadalupanosplancartinos.org\/preescolar\/wp-content\/uploads\/2021\/10\/portada-SEM3-600x338.png 600w, https:\/\/colegiosguadalupanosplancartinos.org\/preescolar\/wp-content\/uploads\/2021\/10\/portada-SEM3-1154x649.png 1154w\" \/><svg class=\"premium-blog-shape-divider-svg\" xmlns=\"http:\/\/www.w3.org\/2000\/svg\" viewBox=\"0 0 283.5 19.6\" preserveAspectRatio=\"none\"><path  style=\"opacity:0.33\" d=\"M0 0L0 18.8 141.8 4.1 283.5 18.8 283.5 0z\"\/><path  style=\"opacity:0.33\" d=\"M0 0L0 12.6 141.8 4 283.5 12.6 283.5 0z\"\/><path  style=\"opacity:0.33\" d=\"M0 0L0 6.4 141.8 4 283.5 6.4 283.5 0z\"\/><path  d=\"M0 0L0 1.2 141.8 4 283.5 1.2 283.5 0z\"\/><\/svg>\t\t\t\t\t\t<\/div>\r\n\t\t\t\t\t\t\t\t\t\t\t\t\t<div class=\"premium-blog-thumbnail-overlay\">\r\n\t\t\t\t\t\t\t\t<a class=\"elementor-icon\" href=\"https:\/\/colegiosguadalupanosplancartinos.org\/preescolar\/ficha-1-me-gusta-que-me-llames-papa-dios\/\" target=\"_blank\" aria-hidden=\"true\"><span>Ficha 1: Me gusta que me llames Pap\u00e1 Dios &#8211; Ficha 2: Hoy cumple a\u00f1os mi mam\u00e1 del Cielo<\/span><\/a>\r\n\t\t\t\t\t\t\t<\/div>\r\n\t\t\t\t\t\t\t\t\t\t\t<\/div>\r\n\t\t\t\t\t\t\t\t\t\t\t\t<div class=\"premium-blog-content-wrapper \">\r\n\r\n\t\t\t\t\t<div class=\"premium-blog-inner-container\">\r\n\r\n\t\t\t\t\t\t\t\t\t\t\t\t\t\t<h2 class=\"premium-blog-entry-title\">\r\n\t\t\t<a href=\"https:\/\/colegiosguadalupanosplancartinos.org\/preescolar\/ficha-1-me-gusta-que-me-llames-papa-dios\/\" target=\"_blank\">\r\n\t\t\t\tFicha 1: Me gusta que me llames Pap\u00e1 Dios &#8211; Ficha 2: Hoy cumple a\u00f1os mi mam\u00e1 del Cielo\t\t\t<\/a>\r\n\t\t<\/h2>\r\n\t\t\t\t<div class=\"premium-blog-entry-meta\">\r\n\t\t\t\r\n\t\t\t\r\n\t\t\t\r\n\t\t\t\t\t<\/div>\r\n\t\t\r\n\t\t\t\t\t<\/div>\r\n\r\n\t\t\t\t\t\t\t\t\t\t\r\n\t\t\t\t<\/div>\r\n\t\t\t<\/div>\r\n\t\t<\/div>\r\n\r\n\t\t\t\t<div class=\"premium-blog-post-outer-container\" data-total=\"1\">\r\n\t\t\t<div class=\"premium-blog-post-container premium-blog-skin-side\">\r\n\t\t\t\t\t\t\t\t\t<div class=\"premium-blog-thumb-effect-wrapper\">\r\n\t\t\t\t\t\t<div class=\"premium-blog-thumbnail-container premium-blog-none-effect\">\r\n\t\t\t\t\t\t\t<img decoding=\"async\" loading=\"lazy\" width=\"1280\" height=\"720\" src=\"https:\/\/colegiosguadalupanosplancartinos.org\/preescolar\/wp-content\/uploads\/2021\/09\/sep-semana4.jpg\" class=\"attachment-full size-full wp-image-1804\" alt=\"\" srcset=\"https:\/\/colegiosguadalupanosplancartinos.org\/preescolar\/wp-content\/uploads\/2021\/09\/sep-semana4.jpg 1280w, https:\/\/colegiosguadalupanosplancartinos.org\/preescolar\/wp-content\/uploads\/2021\/09\/sep-semana4-600x338.jpg 600w, https:\/\/colegiosguadalupanosplancartinos.org\/preescolar\/wp-content\/uploads\/2021\/09\/sep-semana4-1154x649.jpg 1154w\" \/><svg class=\"premium-blog-shape-divider-svg\" xmlns=\"http:\/\/www.w3.org\/2000\/svg\" viewBox=\"0 0 283.5 19.6\" preserveAspectRatio=\"none\"><path  style=\"opacity:0.33\" d=\"M0 0L0 18.8 141.8 4.1 283.5 18.8 283.5 0z\"\/><path  style=\"opacity:0.33\" d=\"M0 0L0 12.6 141.8 4 283.5 12.6 283.5 0z\"\/><path  style=\"opacity:0.33\" d=\"M0 0L0 6.4 141.8 4 283.5 6.4 283.5 0z\"\/><path  d=\"M0 0L0 1.2 141.8 4 283.5 1.2 283.5 0z\"\/><\/svg>\t\t\t\t\t\t<\/div>\r\n\t\t\t\t\t\t\t\t\t\t\t\t\t<div class=\"premium-blog-thumbnail-overlay\">\r\n\t\t\t\t\t\t\t\t<a class=\"elementor-icon\" href=\"https:\/\/colegiosguadalupanosplancartinos.org\/preescolar\/ficha-3-mi-hijo-y-yo-queremos-que-seas-feliz\/\" target=\"_blank\" aria-hidden=\"true\"><span>Ficha 3: Mi Hijo y yo queremos que seas feliz &#8211; Ficha 13: Mi patria es un regalo de Pap\u00e1 Dios<\/span><\/a>\r\n\t\t\t\t\t\t\t<\/div>\r\n\t\t\t\t\t\t\t\t\t\t\t<\/div>\r\n\t\t\t\t\t\t\t\t\t\t\t\t<div class=\"premium-blog-content-wrapper \">\r\n\r\n\t\t\t\t\t<div class=\"premium-blog-inner-container\">\r\n\r\n\t\t\t\t\t\t\t\t\t\t\t\t\t\t<h2 class=\"premium-blog-entry-title\">\r\n\t\t\t<a href=\"https:\/\/colegiosguadalupanosplancartinos.org\/preescolar\/ficha-3-mi-hijo-y-yo-queremos-que-seas-feliz\/\" target=\"_blank\">\r\n\t\t\t\tFicha 3: Mi Hijo y yo queremos que seas feliz &#8211; Ficha 13: Mi patria es un regalo de Pap\u00e1 Dios\t\t\t<\/a>\r\n\t\t<\/h2>\r\n\t\t\t\t<div class=\"premium-blog-entry-meta\">\r\n\t\t\t\r\n\t\t\t\r\n\t\t\t\r\n\t\t\t\t\t<\/div>\r\n\t\t\r\n\t\t\t\t\t<\/div>\r\n\r\n\t\t\t\t\t\t\t\t\t\t\r\n\t\t\t\t<\/div>\r\n\t\t\t<\/div>\r\n\t\t<\/div>\r\n\r\n\t\t\t\t<div class=\"premium-blog-post-outer-container\" data-total=\"1\">\r\n\t\t\t<div class=\"premium-blog-post-container premium-blog-skin-side\">\r\n\t\t\t\t\t\t\t\t\t<div class=\"premium-blog-thumb-effect-wrapper\">\r\n\t\t\t\t\t\t<div class=\"premium-blog-thumbnail-container premium-blog-none-effect\">\r\n\t\t\t\t\t\t\t<img decoding=\"async\" loading=\"lazy\" width=\"1280\" height=\"720\" src=\"https:\/\/colegiosguadalupanosplancartinos.org\/preescolar\/wp-content\/uploads\/2021\/09\/semana-5.jpg\" class=\"attachment-full size-full wp-image-6195\" alt=\"\" srcset=\"https:\/\/colegiosguadalupanosplancartinos.org\/preescolar\/wp-content\/uploads\/2021\/09\/semana-5.jpg 1280w, https:\/\/colegiosguadalupanosplancartinos.org\/preescolar\/wp-content\/uploads\/2021\/09\/semana-5-600x338.jpg 600w, https:\/\/colegiosguadalupanosplancartinos.org\/preescolar\/wp-content\/uploads\/2021\/09\/semana-5-1154x649.jpg 1154w\" \/><svg class=\"premium-blog-shape-divider-svg\" xmlns=\"http:\/\/www.w3.org\/2000\/svg\" viewBox=\"0 0 283.5 19.6\" preserveAspectRatio=\"none\"><path  style=\"opacity:0.33\" d=\"M0 0L0 18.8 141.8 4.1 283.5 18.8 283.5 0z\"\/><path  style=\"opacity:0.33\" d=\"M0 0L0 12.6 141.8 4 283.5 12.6 283.5 0z\"\/><path  style=\"opacity:0.33\" d=\"M0 0L0 6.4 141.8 4 283.5 6.4 283.5 0z\"\/><path  d=\"M0 0L0 1.2 141.8 4 283.5 1.2 283.5 0z\"\/><\/svg>\t\t\t\t\t\t<\/div>\r\n\t\t\t\t\t\t\t\t\t\t\t\t\t<div class=\"premium-blog-thumbnail-overlay\">\r\n\t\t\t\t\t\t\t\t<a class=\"elementor-icon\" href=\"https:\/\/colegiosguadalupanosplancartinos.org\/preescolar\/ficha-4-cada-dia-crezco-mas\/\" target=\"_blank\" aria-hidden=\"true\"><span>Ficha 4: Cada d\u00eda crezco m\u00e1s &#8211; Ficha 5: Pap\u00e1 Dios sabe c\u00f3mo me llamo<\/span><\/a>\r\n\t\t\t\t\t\t\t<\/div>\r\n\t\t\t\t\t\t\t\t\t\t\t<\/div>\r\n\t\t\t\t\t\t\t\t\t\t\t\t<div class=\"premium-blog-content-wrapper \">\r\n\r\n\t\t\t\t\t<div class=\"premium-blog-inner-container\">\r\n\r\n\t\t\t\t\t\t\t\t\t\t\t\t\t\t<h2 class=\"premium-blog-entry-title\">\r\n\t\t\t<a href=\"https:\/\/colegiosguadalupanosplancartinos.org\/preescolar\/ficha-4-cada-dia-crezco-mas\/\" target=\"_blank\">\r\n\t\t\t\tFicha 4: Cada d\u00eda crezco m\u00e1s &#8211; Ficha 5: Pap\u00e1 Dios sabe c\u00f3mo me llamo\t\t\t<\/a>\r\n\t\t<\/h2>\r\n\t\t\t\t<div class=\"premium-blog-entry-meta\">\r\n\t\t\t\r\n\t\t\t\r\n\t\t\t\r\n\t\t\t\t\t<\/div>\r\n\t\t\r\n\t\t\t\t\t<\/div>\r\n\r\n\t\t\t\t\t\t\t\t\t\t\r\n\t\t\t\t<\/div>\r\n\t\t\t<\/div>\r\n\t\t<\/div>\r\n\r\n\t\t\t\t<\/div>\r\n\r\n\t\t\t\t<\/div>\n\t\t\t\t<\/div>\n\t\t\t\t\t\t<\/div>\n\t\t\t\t\t<\/div>\n\t\t<\/div>\n\t\t\t\t\t\t\t\t<\/div>\n\t\t\t\t\t<\/div>\n\t\t<\/section>\n\t\t\t\t<section class=\"elementor-section elementor-top-section elementor-element elementor-element-db5f5fd elementor-section-full_width elementor-section-height-default elementor-section-height-default exad-glass-effect-no exad-sticky-section-no\" data-id=\"db5f5fd\" data-element_type=\"section\" data-settings=\"{&quot;background_background&quot;:&quot;gradient&quot;}\">\n\t\t\t\t\t\t<div class=\"elementor-container elementor-column-gap-no\">\n\t\t\t\t\t\t\t<div class=\"elementor-row\">\n\t\t\t\t\t<div class=\"aux-parallax-section elementor-column elementor-col-100 elementor-top-column elementor-element elementor-element-7979486 exad-glass-effect-no exad-sticky-section-no\" data-id=\"7979486\" data-element_type=\"column\">\n\t\t\t<div class=\"elementor-column-wrap\">\n\t\t\t\t\t\t\t<div class=\"elementor-widget-wrap\">\n\t\t\t\t\t\t\t\t<\/div>\n\t\t\t\t\t<\/div>\n\t\t<\/div>\n\t\t\t\t\t\t\t\t<\/div>\n\t\t\t\t\t<\/div>\n\t\t<\/section>\n\t\t\t\t\t\t\t\t\t<\/div>\n\t\t\t<\/div>\n\t\t\t\t\t<\/div>\n\t\t","protected":false},"excerpt":{"rendered":"<p>SEGUNDO EDUCACI\u00d3N EN LA FE SEPTIEMBRE SEPTIEMBRE OCTUBRE NOVIEMBRE DICIEMBRE ENERO FEBRERO MARZO ABRIL MAYO JUNIO PERFILES DE EGRESO MODELO EDUCATIVO CRONOGRAMA INSUMOS (RECURSOS) EVALUACI\u00d3N EVIDENCIAS Ficha 5 &#8211; Pap\u00e1 Dios sabe como me llamo Ficha 4 &#8211; Cada d\u00eda crezco m\u00e1s Ficha 13 &#8211; Mi patria es un regalo de Pap\u00e1 Dios Ficha 3 [&hellip;]<\/p>\n","protected":false},"author":1,"featured_media":0,"parent":0,"menu_order":0,"comment_status":"closed","ping_status":"closed","template":"","meta":{"footnotes":""},"_links":{"self":[{"href":"https:\/\/colegiosguadalupanosplancartinos.org\/preescolar\/wp-json\/wp\/v2\/pages\/2093"}],"collection":[{"href":"https:\/\/colegiosguadalupanosplancartinos.org\/preescolar\/wp-json\/wp\/v2\/pages"}],"about":[{"href":"https:\/\/colegiosguadalupanosplancartinos.org\/preescolar\/wp-json\/wp\/v2\/types\/page"}],"author":[{"embeddable":true,"href":"https:\/\/colegiosguadalupanosplancartinos.org\/preescolar\/wp-json\/wp\/v2\/users\/1"}],"replies":[{"embeddable":true,"href":"https:\/\/colegiosguadalupanosplancartinos.org\/preescolar\/wp-json\/wp\/v2\/comments?post=2093"}],"version-history":[{"count":3,"href":"https:\/\/colegiosguadalupanosplancartinos.org\/preescolar\/wp-json\/wp\/v2\/pages\/2093\/revisions"}],"predecessor-version":[{"id":6276,"href":"https:\/\/colegiosguadalupanosplancartinos.org\/preescolar\/wp-json\/wp\/v2\/pages\/2093\/revisions\/6276"}],"wp:attachment":[{"href":"https:\/\/colegiosguadalupanosplancartinos.org\/preescolar\/wp-json\/wp\/v2\/media?parent=2093"}],"curies":[{"name":"wp","href":"https:\/\/api.w.org\/{rel}","templated":true}]}}