{"id":1967,"date":"2021-09-27T07:09:45","date_gmt":"2021-09-27T07:09:45","guid":{"rendered":"https:\/\/colegiosguadalupanosplancartinos.org\/preescolar\/?page_id=1967"},"modified":"2022-08-30T19:21:56","modified_gmt":"2022-08-30T19:21:56","slug":"segundo-cronogramas-generales","status":"publish","type":"page","link":"https:\/\/colegiosguadalupanosplancartinos.org\/preescolar\/segundo-cronogramas-generales\/","title":{"rendered":"SEGUNDO-CRONOGRAMAS-GENERALES"},"content":{"rendered":"\t\t<div data-elementor-type=\"wp-page\" data-elementor-id=\"1967\" class=\"elementor elementor-1967\">\n\t\t\t\t\t\t<div class=\"elementor-inner\">\n\t\t\t\t<div class=\"elementor-section-wrap\">\n\t\t\t\t\t\t\t\t\t<section class=\"elementor-section elementor-top-section elementor-element elementor-element-d683b20 elementor-section-full_width elementor-section-height-default elementor-section-height-default exad-glass-effect-no exad-sticky-section-no\" data-id=\"d683b20\" data-element_type=\"section\" data-settings=\"{&quot;background_background&quot;:&quot;gradient&quot;,&quot;animation&quot;:&quot;none&quot;}\">\n\t\t\t\t\t\t<div class=\"elementor-container elementor-column-gap-no\">\n\t\t\t\t\t\t\t<div class=\"elementor-row\">\n\t\t\t\t\t<div class=\"aux-parallax-section elementor-column elementor-col-100 elementor-top-column elementor-element elementor-element-7d995fb exad-glass-effect-no exad-sticky-section-no elementor-invisible\" data-id=\"7d995fb\" data-element_type=\"column\" data-settings=\"{&quot;animation&quot;:&quot;fadeInUp&quot;}\">\n\t\t\t<div class=\"elementor-column-wrap elementor-element-populated\">\n\t\t\t\t\t\t\t<div class=\"elementor-widget-wrap\">\n\t\t\t\t\t\t<div class=\"elementor-element elementor-element-6049f97 exad-sticky-section-no exad-glass-effect-no elementor-widget elementor-widget-heading\" data-id=\"6049f97\" data-element_type=\"widget\" data-widget_type=\"heading.default\">\n\t\t\t\t<div class=\"elementor-widget-container\">\n\t\t\t<style>\/*! elementor - v3.16.0 - 20-09-2023 *\/\n.elementor-heading-title{padding:0;margin:0;line-height:1}.elementor-widget-heading .elementor-heading-title[class*=elementor-size-]>a{color:inherit;font-size:inherit;line-height:inherit}.elementor-widget-heading .elementor-heading-title.elementor-size-small{font-size:15px}.elementor-widget-heading .elementor-heading-title.elementor-size-medium{font-size:19px}.elementor-widget-heading .elementor-heading-title.elementor-size-large{font-size:29px}.elementor-widget-heading .elementor-heading-title.elementor-size-xl{font-size:39px}.elementor-widget-heading .elementor-heading-title.elementor-size-xxl{font-size:59px}<\/style><h1 class=\"elementor-heading-title elementor-size-default\">SEGUNDO - CORONOGRAMAS GENERALES<\/h1>\t\t<\/div>\n\t\t\t\t<\/div>\n\t\t\t\t\t\t<\/div>\n\t\t\t\t\t<\/div>\n\t\t<\/div>\n\t\t\t\t\t\t\t\t<\/div>\n\t\t\t\t\t<\/div>\n\t\t<\/section>\n\t\t\t\t<section class=\"elementor-section elementor-top-section elementor-element elementor-element-3f722e0 elementor-section-boxed elementor-section-height-default elementor-section-height-default exad-glass-effect-no exad-sticky-section-no\" data-id=\"3f722e0\" data-element_type=\"section\" data-settings=\"{&quot;background_background&quot;:&quot;gradient&quot;,&quot;animation&quot;:&quot;none&quot;}\">\n\t\t\t\t\t\t<div class=\"elementor-container elementor-column-gap-no\">\n\t\t\t\t\t\t\t<div class=\"elementor-row\">\n\t\t\t\t\t<div class=\"aux-parallax-section elementor-column elementor-col-100 elementor-top-column elementor-element elementor-element-ccd6882 exad-glass-effect-no exad-sticky-section-no elementor-invisible\" data-id=\"ccd6882\" data-element_type=\"column\" data-settings=\"{&quot;animation&quot;:&quot;fadeInUp&quot;}\">\n\t\t\t<div class=\"elementor-column-wrap elementor-element-populated\">\n\t\t\t\t\t\t\t<div class=\"elementor-widget-wrap\">\n\t\t\t\t\t\t<div class=\"elementor-element elementor-element-3ea8ae8 elementor-align-center exad-sticky-section-no exad-glass-effect-no elementor-widget elementor-widget-button\" data-id=\"3ea8ae8\" data-element_type=\"widget\" data-widget_type=\"button.default\">\n\t\t\t\t<div class=\"elementor-widget-container\">\n\t\t\t\t\t<div class=\"elementor-button-wrapper\">\n\t\t\t<a class=\"elementor-button elementor-button-link elementor-size-sm\" href=\"https:\/\/colegiosguadalupanosplancartinos.org\/preescolar\/segundo-cronograma-dosificaciongenral\/\">\n\t\t\t\t\t\t<span class=\"elementor-button-content-wrapper\">\n\t\t\t\t\t\t<span class=\"elementor-button-text\">Dosificaci\u00f3n General Segundo Grado 2022-2023<\/span>\n\t\t<\/span>\n\t\t\t\t\t<\/a>\n\t\t<\/div>\n\t\t\t\t<\/div>\n\t\t\t\t<\/div>\n\t\t\t\t\t\t<\/div>\n\t\t\t\t\t<\/div>\n\t\t<\/div>\n\t\t\t\t\t\t\t\t<\/div>\n\t\t\t\t\t<\/div>\n\t\t<\/section>\n\t\t\t\t<section class=\"elementor-section elementor-top-section elementor-element elementor-element-4c31133 elementor-section-full_width elementor-section-height-default elementor-section-height-default exad-glass-effect-no exad-sticky-section-no\" data-id=\"4c31133\" data-element_type=\"section\" data-settings=\"{&quot;background_background&quot;:&quot;gradient&quot;,&quot;animation&quot;:&quot;none&quot;}\">\n\t\t\t\t\t\t<div class=\"elementor-container elementor-column-gap-default\">\n\t\t\t\t\t\t\t<div class=\"elementor-row\">\n\t\t\t\t\t<div class=\"aux-parallax-section elementor-column elementor-col-33 elementor-top-column elementor-element elementor-element-dd6c016 exad-glass-effect-no exad-sticky-section-no elementor-invisible\" data-id=\"dd6c016\" data-element_type=\"column\" data-settings=\"{&quot;animation&quot;:&quot;fadeInLeft&quot;}\">\n\t\t\t<div class=\"elementor-column-wrap elementor-element-populated\">\n\t\t\t\t\t\t\t<div class=\"elementor-widget-wrap\">\n\t\t\t\t\t\t<div class=\"exad-link-anything-wrapper elementor-element elementor-element-4232b03 exad-sticky-section-no exad-glass-effect-no elementor-widget elementor-widget-image\" data-exad-element-link=\"{&quot;url&quot;:&quot;https:\\\/\\\/colegiosguadalupanosplancartinos.org\\\/preescolar\\\/segundo-cronograma-lenguajeycomunicacion\\\/&quot;,&quot;is_external&quot;:&quot;&quot;,&quot;nofollow&quot;:&quot;&quot;,&quot;custom_attributes&quot;:&quot;&quot;}\" style=\"cursor: pointer\" data-id=\"4232b03\" data-element_type=\"widget\" data-widget_type=\"image.default\">\n\t\t\t\t<div class=\"elementor-widget-container\">\n\t\t\t<style>\/*! elementor - v3.16.0 - 20-09-2023 *\/\n.elementor-widget-image{text-align:center}.elementor-widget-image a{display:inline-block}.elementor-widget-image a img[src$=\".svg\"]{width:48px}.elementor-widget-image img{vertical-align:middle;display:inline-block}<\/style>\t\t\t\t\t<div class=\"elementor-image\">\n\t\t\t\t\t\t\t\t\t\t\t\t<img decoding=\"async\" loading=\"lazy\" width=\"325\" height=\"325\" src=\"https:\/\/colegiosguadalupanosplancartinos.org\/preescolar\/wp-content\/uploads\/2021\/11\/lyc.png\" class=\"attachment-full size-full wp-image-4338\" alt=\"\" srcset=\"https:\/\/colegiosguadalupanosplancartinos.org\/preescolar\/wp-content\/uploads\/2021\/11\/lyc.png 325w, https:\/\/colegiosguadalupanosplancartinos.org\/preescolar\/wp-content\/uploads\/2021\/11\/lyc-300x300.png 300w, https:\/\/colegiosguadalupanosplancartinos.org\/preescolar\/wp-content\/uploads\/2021\/11\/lyc-150x150.png 150w\" sizes=\"(max-width: 325px) 100vw, 325px\" \/>\t\t\t\t\t\t\t\t\t\t\t\t\t\t<\/div>\n\t\t\t\t\t\t<\/div>\n\t\t\t\t<\/div>\n\t\t\t\t<div class=\"exad-link-anything-wrapper elementor-element elementor-element-2766ed2 exad-sticky-section-no exad-glass-effect-no elementor-widget elementor-widget-heading\" data-exad-element-link=\"{&quot;url&quot;:&quot;https:\\\/\\\/colegiosguadalupanosplancartinos.org\\\/preescolar\\\/primero-lengycom\\\/&quot;,&quot;is_external&quot;:&quot;&quot;,&quot;nofollow&quot;:&quot;&quot;,&quot;custom_attributes&quot;:&quot;&quot;}\" style=\"cursor: pointer\" data-id=\"2766ed2\" data-element_type=\"widget\" data-widget_type=\"heading.default\">\n\t\t\t\t<div class=\"elementor-widget-container\">\n\t\t\t<h2 class=\"elementor-heading-title elementor-size-default\"><a href=\"https:\/\/colegiosguadalupanosplancartinos.org\/preescolar\/segundo-cronograma-lenguajeycomunicacion\/\">LENGUAJE Y COMUNICACI\u00d3N<\/a><\/h2>\t\t<\/div>\n\t\t\t\t<\/div>\n\t\t\t\t\t\t<\/div>\n\t\t\t\t\t<\/div>\n\t\t<\/div>\n\t\t\t\t<div class=\"aux-parallax-section elementor-column elementor-col-33 elementor-top-column elementor-element elementor-element-6c2224f exad-glass-effect-no exad-sticky-section-no elementor-invisible\" data-id=\"6c2224f\" data-element_type=\"column\" data-settings=\"{&quot;animation&quot;:&quot;fadeInUp&quot;}\">\n\t\t\t<div class=\"elementor-column-wrap elementor-element-populated\">\n\t\t\t\t\t\t\t<div class=\"elementor-widget-wrap\">\n\t\t\t\t\t\t<div class=\"exad-link-anything-wrapper elementor-element elementor-element-8d12625 exad-sticky-section-no exad-glass-effect-no elementor-widget elementor-widget-image\" data-exad-element-link=\"{&quot;url&quot;:&quot;#&quot;,&quot;is_external&quot;:&quot;&quot;,&quot;nofollow&quot;:&quot;&quot;,&quot;custom_attributes&quot;:&quot;&quot;}\" style=\"cursor: pointer\" data-id=\"8d12625\" data-element_type=\"widget\" data-widget_type=\"image.default\">\n\t\t\t\t<div class=\"elementor-widget-container\">\n\t\t\t\t\t\t\t\t<div class=\"elementor-image\">\n\t\t\t\t\t\t\t\t\t\t\t\t\t<a href=\"https:\/\/colegiosguadalupanosplancartinos.org\/preescolar\/segundo-cronograma-pensamientomatematico\/\">\n\t\t\t\t\t\t\t<img decoding=\"async\" loading=\"lazy\" width=\"325\" height=\"325\" src=\"https:\/\/colegiosguadalupanosplancartinos.org\/preescolar\/wp-content\/uploads\/2021\/11\/pym.png\" class=\"attachment-full size-full wp-image-4339\" alt=\"\" srcset=\"https:\/\/colegiosguadalupanosplancartinos.org\/preescolar\/wp-content\/uploads\/2021\/11\/pym.png 325w, https:\/\/colegiosguadalupanosplancartinos.org\/preescolar\/wp-content\/uploads\/2021\/11\/pym-300x300.png 300w, https:\/\/colegiosguadalupanosplancartinos.org\/preescolar\/wp-content\/uploads\/2021\/11\/pym-150x150.png 150w\" sizes=\"(max-width: 325px) 100vw, 325px\" \/>\t\t\t\t\t\t\t\t<\/a>\n\t\t\t\t\t\t\t\t\t\t\t\t\t\t<\/div>\n\t\t\t\t\t\t<\/div>\n\t\t\t\t<\/div>\n\t\t\t\t<div class=\"elementor-element elementor-element-7e7e418 exad-sticky-section-no exad-glass-effect-no elementor-widget elementor-widget-heading\" data-id=\"7e7e418\" data-element_type=\"widget\" data-widget_type=\"heading.default\">\n\t\t\t\t<div class=\"elementor-widget-container\">\n\t\t\t<h2 class=\"elementor-heading-title elementor-size-default\"><a href=\"https:\/\/colegiosguadalupanosplancartinos.org\/preescolar\/segundo-cronograma-pensamientomatematico\/\">PENSAMIENTO MATEM\u00c1TICO<\/a><\/h2>\t\t<\/div>\n\t\t\t\t<\/div>\n\t\t\t\t\t\t<\/div>\n\t\t\t\t\t<\/div>\n\t\t<\/div>\n\t\t\t\t<div class=\"aux-parallax-section elementor-column elementor-col-33 elementor-top-column elementor-element elementor-element-c8b53a7 exad-glass-effect-no exad-sticky-section-no elementor-invisible\" data-id=\"c8b53a7\" data-element_type=\"column\" data-settings=\"{&quot;animation&quot;:&quot;fadeInRight&quot;}\">\n\t\t\t<div class=\"elementor-column-wrap elementor-element-populated\">\n\t\t\t\t\t\t\t<div class=\"elementor-widget-wrap\">\n\t\t\t\t\t\t<div class=\"exad-link-anything-wrapper elementor-element elementor-element-9342e68 exad-sticky-section-no exad-glass-effect-no elementor-widget elementor-widget-image\" data-exad-element-link=\"{&quot;url&quot;:&quot;https:\\\/\\\/colegiosguadalupanosplancartinos.org\\\/preescolar\\\/primero-formacion-hum\\\/&quot;,&quot;is_external&quot;:&quot;&quot;,&quot;nofollow&quot;:&quot;&quot;,&quot;custom_attributes&quot;:&quot;&quot;}\" style=\"cursor: pointer\" data-id=\"9342e68\" data-element_type=\"widget\" data-widget_type=\"image.default\">\n\t\t\t\t<div class=\"elementor-widget-container\">\n\t\t\t\t\t\t\t\t<div class=\"elementor-image\">\n\t\t\t\t\t\t\t\t\t\t\t\t\t<a href=\"https:\/\/colegiosguadalupanosplancartinos.org\/preescolar\/segundo-cronograma-formacionhumana\/\">\n\t\t\t\t\t\t\t<img decoding=\"async\" loading=\"lazy\" width=\"325\" height=\"325\" src=\"https:\/\/colegiosguadalupanosplancartinos.org\/preescolar\/wp-content\/uploads\/2021\/11\/educafe.png\" class=\"attachment-full size-full wp-image-4340\" alt=\"\" srcset=\"https:\/\/colegiosguadalupanosplancartinos.org\/preescolar\/wp-content\/uploads\/2021\/11\/educafe.png 325w, https:\/\/colegiosguadalupanosplancartinos.org\/preescolar\/wp-content\/uploads\/2021\/11\/educafe-300x300.png 300w, https:\/\/colegiosguadalupanosplancartinos.org\/preescolar\/wp-content\/uploads\/2021\/11\/educafe-150x150.png 150w\" sizes=\"(max-width: 325px) 100vw, 325px\" \/>\t\t\t\t\t\t\t\t<\/a>\n\t\t\t\t\t\t\t\t\t\t\t\t\t\t<\/div>\n\t\t\t\t\t\t<\/div>\n\t\t\t\t<\/div>\n\t\t\t\t<div class=\"elementor-element elementor-element-f7041df exad-sticky-section-no exad-glass-effect-no elementor-widget elementor-widget-heading\" data-id=\"f7041df\" data-element_type=\"widget\" data-widget_type=\"heading.default\">\n\t\t\t\t<div class=\"elementor-widget-container\">\n\t\t\t<h2 class=\"elementor-heading-title elementor-size-default\"><a href=\"https:\/\/colegiosguadalupanosplancartinos.org\/preescolar\/segundo-cronograma-formacionhumana\/\">EDUCACI\u00d3N EN LA FE<\/a><\/h2>\t\t<\/div>\n\t\t\t\t<\/div>\n\t\t\t\t\t\t<\/div>\n\t\t\t\t\t<\/div>\n\t\t<\/div>\n\t\t\t\t\t\t\t\t<\/div>\n\t\t\t\t\t<\/div>\n\t\t<\/section>\n\t\t\t\t\t\t\t\t\t<\/div>\n\t\t\t<\/div>\n\t\t\t\t\t<\/div>\n\t\t","protected":false},"excerpt":{"rendered":"<p>SEGUNDO &#8211; CORONOGRAMAS GENERALES Dosificaci\u00f3n General Segundo Grado 2022-2023 LENGUAJE Y COMUNICACI\u00d3N PENSAMIENTO MATEM\u00c1TICO EDUCACI\u00d3N EN LA FE<\/p>\n","protected":false},"author":1,"featured_media":0,"parent":0,"menu_order":0,"comment_status":"closed","ping_status":"closed","template":"","meta":{"footnotes":""},"_links":{"self":[{"href":"https:\/\/colegiosguadalupanosplancartinos.org\/preescolar\/wp-json\/wp\/v2\/pages\/1967"}],"collection":[{"href":"https:\/\/colegiosguadalupanosplancartinos.org\/preescolar\/wp-json\/wp\/v2\/pages"}],"about":[{"href":"https:\/\/colegiosguadalupanosplancartinos.org\/preescolar\/wp-json\/wp\/v2\/types\/page"}],"author":[{"embeddable":true,"href":"https:\/\/colegiosguadalupanosplancartinos.org\/preescolar\/wp-json\/wp\/v2\/users\/1"}],"replies":[{"embeddable":true,"href":"https:\/\/colegiosguadalupanosplancartinos.org\/preescolar\/wp-json\/wp\/v2\/comments?post=1967"}],"version-history":[{"count":3,"href":"https:\/\/colegiosguadalupanosplancartinos.org\/preescolar\/wp-json\/wp\/v2\/pages\/1967\/revisions"}],"predecessor-version":[{"id":6749,"href":"https:\/\/colegiosguadalupanosplancartinos.org\/preescolar\/wp-json\/wp\/v2\/pages\/1967\/revisions\/6749"}],"wp:attachment":[{"href":"https:\/\/colegiosguadalupanosplancartinos.org\/preescolar\/wp-json\/wp\/v2\/media?parent=1967"}],"curies":[{"name":"wp","href":"https:\/\/api.w.org\/{rel}","templated":true}]}}